{"id":1581,"date":"2024-09-30T18:46:08","date_gmt":"2024-09-30T18:46:08","guid":{"rendered":"https:\/\/groupetransit.com\/?page_id=1581"},"modified":"2024-10-07T14:49:37","modified_gmt":"2024-10-07T14:49:37","slug":"servizi-di-conformita-doganale","status":"publish","type":"page","link":"https:\/\/groupetransit.com\/it\/customs-compliance-services\/","title":{"rendered":"Servizi di conformit\u00e0 doganale"},"content":{"rendered":"<div data-elementor-type=\"wp-page\" data-elementor-id=\"1581\" class=\"elementor elementor-1581\" data-elementor-post-type=\"page\">\n\t\t\t\t<div class=\"elementor-element elementor-element-e864a88 e-flex e-con-boxed e-con e-parent\" data-id=\"e864a88\" data-element_type=\"container\" data-e-type=\"container\">\n\t\t\t\t\t<div class=\"e-con-inner\">\n\t\t\t\t<div class=\"elementor-element elementor-element-2c9833f elementor-widget elementor-widget-theme-post-title elementor-page-title elementor-widget-heading\" data-id=\"2c9833f\" data-element_type=\"widget\" data-e-type=\"widget\" data-widget_type=\"theme-post-title.default\">\n\t\t\t\t<div class=\"elementor-widget-container\">\n\t\t\t\t\t<h1 class=\"elementor-heading-title elementor-size-default\">Servizi di conformit\u00e0 doganale<\/h1>\t\t\t\t<\/div>\n\t\t\t\t<\/div>\n\t\t\t\t\t<\/div>\n\t\t\t\t<\/div>\n\t\t<div class=\"elementor-element elementor-element-5e7d2a44 e-flex e-con-boxed e-con e-parent\" data-id=\"5e7d2a44\" data-element_type=\"container\" data-e-type=\"container\">\n\t\t\t\t\t<div class=\"e-con-inner\">\n\t\t<div class=\"elementor-element elementor-element-56c275a6 e-con-full e-flex e-con e-child\" data-id=\"56c275a6\" data-element_type=\"container\" data-e-type=\"container\">\n\t\t<div class=\"elementor-element elementor-element-29880953 e-con-full e-flex e-con e-child\" data-id=\"29880953\" data-element_type=\"container\" data-e-type=\"container\">\n\t\t<div class=\"elementor-element elementor-element-48e519c7 e-con-full e-flex e-con e-child\" data-id=\"48e519c7\" data-element_type=\"container\" data-e-type=\"container\">\n\t\t\t\t<div class=\"elementor-element elementor-element-267e510f elementor-widget elementor-widget-text-editor\" data-id=\"267e510f\" data-element_type=\"widget\" data-e-type=\"widget\" data-widget_type=\"text-editor.default\">\n\t\t\t\t<div class=\"elementor-widget-container\">\n\t\t\t\t\t\t\t\t\t<p>La conformit\u00e0 doganale \u00e8 una parte essenziale del commercio internazionale. Garantisce che le aziende aderiscano a tutti i requisiti normativi quando importano o esportano merci. La mancata conformit\u00e0 pu\u00f2 comportare sanzioni significative, ritardi o persino complicazioni legali. Di seguito, esaminiamo i principali problemi nella conformit\u00e0 doganale e forniamo misure pratiche per gestirli in modo efficace.<\/p>\t\t\t\t\t\t\t\t<\/div>\n\t\t\t\t<\/div>\n\t\t\t\t<div class=\"elementor-element elementor-element-384dcf57 elementor-widget elementor-widget-heading\" data-id=\"384dcf57\" data-element_type=\"widget\" data-e-type=\"widget\" data-widget_type=\"heading.default\">\n\t\t\t\t<div class=\"elementor-widget-container\">\n\t\t\t\t\t<h2 class=\"elementor-heading-title elementor-size-default\">Questioni chiave nella conformit\u00e0 doganale<\/h2>\t\t\t\t<\/div>\n\t\t\t\t<\/div>\n\t\t\t\t<div class=\"elementor-element elementor-element-539e08e3 elementor-widget elementor-widget-text-editor\" data-id=\"539e08e3\" data-element_type=\"widget\" data-e-type=\"widget\" data-widget_type=\"text-editor.default\">\n\t\t\t\t<div class=\"elementor-widget-container\">\n\t\t\t\t\t\t\t\t\t<p>Una delle sfide principali nella conformit\u00e0 doganale \u00e8 l&#039; <strong>classificazione accurata delle merci<\/strong>. Le merci devono essere classificate secondo il codice corretto del Sistema Armonizzato (HS), che determina i dazi e le tasse applicabili. Una classificazione errata pu\u00f2 comportare il pagamento in eccesso o in difetto di dazi e sanzioni.<\/p><p>IL <strong>valutazione dei beni<\/strong> \u00e8 un altro aspetto cruciale. Dichiarare correttamente il valore delle merci \u00e8 essenziale per evitare problemi doganali. Una sottostima o una sopravvalutazione possono comportare multe e ritardi. \u00c8 importante assicurarsi che il valore dichiarato sia in linea con le normative doganali.<\/p><p>Inoltre, il <strong>origine delle merci<\/strong> svolge un ruolo significativo nei processi doganali. La certificazione e la documentazione di origine appropriate sono necessarie per qualificarsi per accordi commerciali preferenziali, che possono offrire tariffe ridotte. Senza una documentazione accurata, le aziende rischiano di perdere questi vantaggi.<\/p>\t\t\t\t\t\t\t\t<\/div>\n\t\t\t\t<\/div>\n\t\t\t\t<\/div>\n\t\t\t\t<\/div>\n\t\t\t\t<\/div>\n\t\t<div class=\"elementor-element elementor-element-792966b1 e-con-full e-flex e-con e-child\" data-id=\"792966b1\" data-element_type=\"container\" data-e-type=\"container\">\n\t\t\t\t<div class=\"elementor-element elementor-element-32b19dab elementor-widget elementor-widget-image\" data-id=\"32b19dab\" data-element_type=\"widget\" data-e-type=\"widget\" data-widget_type=\"image.default\">\n\t\t\t\t<div class=\"elementor-widget-container\">\n\t\t\t\t\t\t\t\t\t\t\t\t\t\t\t<img fetchpriority=\"high\" decoding=\"async\" width=\"707\" height=\"491\" src=\"https:\/\/groupetransit.com\/wp-content\/uploads\/2024\/10\/compliance.jpg\" class=\"attachment-large size-large wp-image-1897\" alt=\"\" srcset=\"https:\/\/groupetransit.com\/wp-content\/uploads\/2024\/10\/compliance.jpg 707w, https:\/\/groupetransit.com\/wp-content\/uploads\/2024\/10\/compliance-300x208.jpg 300w\" sizes=\"(max-width: 707px) 100vw, 707px\" \/>\t\t\t\t\t\t\t\t\t\t\t\t\t\t\t<\/div>\n\t\t\t\t<\/div>\n\t\t\t\t<\/div>\n\t\t\t\t\t<\/div>\n\t\t\t\t<\/div>\n\t\t<div class=\"elementor-element elementor-element-21014874 e-flex e-con-boxed e-con e-parent\" data-id=\"21014874\" data-element_type=\"container\" data-e-type=\"container\" data-settings=\"{&quot;background_background&quot;:&quot;classic&quot;}\">\n\t\t\t\t\t<div class=\"e-con-inner\">\n\t\t<div class=\"elementor-element elementor-element-2db30df0 e-con-full e-flex e-con e-child\" data-id=\"2db30df0\" data-element_type=\"container\" data-e-type=\"container\">\n\t\t<div class=\"elementor-element elementor-element-8a82d57 e-con-full e-flex e-con e-child\" data-id=\"8a82d57\" data-element_type=\"container\" data-e-type=\"container\">\n\t\t<div class=\"elementor-element elementor-element-7f24af4 e-con-full e-flex e-con e-child\" data-id=\"7f24af4\" data-element_type=\"container\" data-e-type=\"container\">\n\t\t\t\t<div class=\"elementor-element elementor-element-2dee1934 elementor-widget elementor-widget-text-editor\" data-id=\"2dee1934\" data-element_type=\"widget\" data-e-type=\"widget\" data-widget_type=\"text-editor.default\">\n\t\t\t\t<div class=\"elementor-widget-container\">\n\t\t\t\t\t\t\t\t\t<p>Per le aziende che trattano beni regolamentati o soggetti a restrizioni, ottenere le informazioni necessarie <strong>licenze e permessi<\/strong> \u00e8 fondamentale. Molti beni sono soggetti a quote o restrizioni e la mancata acquisizione della documentazione appropriata pu\u00f2 comportare ritardi o rifiuti nella spedizione.<\/p><p>Un altro aspetto fondamentale della conformit\u00e0 \u00e8 l\u2019 <strong>calcolo e pagamento di imposte e tasse<\/strong>Il calcolo e il pagamento accurati di tutti i dazi doganali, delle tasse e delle imposte applicabili garantiscono che le merci vengano sdoganate senza inutili ritardi.<\/p><p>L&#039;importanza di <strong>accuratezza della documentazione<\/strong> non pu\u00f2 essere sopravvalutato. Le autorit\u00e0 doganali richiedono documenti completi e accurati, tra cui fatture, liste di imballaggio, certificati di origine e dichiarazioni doganali. Qualsiasi discrepanza pu\u00f2 causare ritardi o comportare sanzioni.<\/p><p>Finalmente, <strong>conformit\u00e0 alle normative locali<\/strong>\u2014inclusi gli standard di salute, sicurezza e ambiente\u2014sono necessari quando si importano o esportano merci. I vari paesi hanno normative uniche che devono essere seguite per evitare complicazioni alla dogana.<\/p><p>Efficace <strong>sicurezza e gestione del rischio<\/strong> pratiche sono anche essenziali. L&#039;implementazione di protocolli di sicurezza aiuta a prevenire spedizioni illegali, frodi o contrabbando, salvaguardando l&#039;integrit\u00e0 del processo doganale.<\/p>\t\t\t\t\t\t\t\t<\/div>\n\t\t\t\t<\/div>\n\t\t\t\t<\/div>\n\t\t\t\t<\/div>\n\t\t\t\t<\/div>\n\t\t\t\t\t<\/div>\n\t\t\t\t<\/div>\n\t\t<div class=\"elementor-element elementor-element-4a1c9480 e-flex e-con-boxed e-con e-parent\" data-id=\"4a1c9480\" data-element_type=\"container\" data-e-type=\"container\" data-settings=\"{&quot;background_background&quot;:&quot;classic&quot;}\">\n\t\t\t\t\t<div class=\"e-con-inner\">\n\t\t<div class=\"elementor-element elementor-element-7162b466 e-con-full e-flex e-con e-child\" data-id=\"7162b466\" data-element_type=\"container\" data-e-type=\"container\">\n\t\t\t\t<div class=\"elementor-element elementor-element-d9739e4 elementor-widget elementor-widget-image\" data-id=\"d9739e4\" data-element_type=\"widget\" data-e-type=\"widget\" data-widget_type=\"image.default\">\n\t\t\t\t<div class=\"elementor-widget-container\">\n\t\t\t\t\t\t\t\t\t\t\t\t\t\t\t<img decoding=\"async\" width=\"707\" height=\"491\" src=\"https:\/\/groupetransit.com\/wp-content\/uploads\/2024\/10\/quality-check.jpg\" class=\"attachment-large size-large wp-image-2040\" alt=\"\" srcset=\"https:\/\/groupetransit.com\/wp-content\/uploads\/2024\/10\/quality-check.jpg 707w, https:\/\/groupetransit.com\/wp-content\/uploads\/2024\/10\/quality-check-300x208.jpg 300w\" sizes=\"(max-width: 707px) 100vw, 707px\" \/>\t\t\t\t\t\t\t\t\t\t\t\t\t\t\t<\/div>\n\t\t\t\t<\/div>\n\t\t\t\t<\/div>\n\t\t<div class=\"elementor-element elementor-element-32bc8399 e-con-full e-flex e-con e-child\" data-id=\"32bc8399\" data-element_type=\"container\" data-e-type=\"container\">\n\t\t<div class=\"elementor-element elementor-element-566c2981 e-con-full e-flex e-con e-child\" data-id=\"566c2981\" data-element_type=\"container\" data-e-type=\"container\">\n\t\t\t\t<div class=\"elementor-element elementor-element-5c4ef91e elementor-widget elementor-widget-heading\" data-id=\"5c4ef91e\" data-element_type=\"widget\" data-e-type=\"widget\" data-widget_type=\"heading.default\">\n\t\t\t\t<div class=\"elementor-widget-container\">\n\t\t\t\t\t<h2 class=\"elementor-heading-title elementor-size-default\">Passaggi per garantire la conformit\u00e0 doganale<\/h2>\t\t\t\t<\/div>\n\t\t\t\t<\/div>\n\t\t\t\t<div class=\"elementor-element elementor-element-25e14c56 elementor-widget elementor-widget-text-editor\" data-id=\"25e14c56\" data-element_type=\"widget\" data-e-type=\"widget\" data-widget_type=\"text-editor.default\">\n\t\t\t\t<div class=\"elementor-widget-container\">\n\t\t\t\t\t\t\t\t\t<p>Per garantire la conformit\u00e0 doganale, il primo passo \u00e8 <strong>determinare i codici HS corretti<\/strong> per tutti i prodotti. Questo passaggio assicura una classificazione accurata, aiutando a evitare sanzioni per classificazione errata.<\/p><p>Successivamente, le aziende dovrebbero <strong>verificare il valore dei loro beni<\/strong> per garantire che soddisfino i requisiti di valutazione doganale. Una valutazione accurata aiuta a evitare multe e ritardi durante lo sdoganamento.<\/p><p>Il terzo passaggio prevede <strong>verifica della documentazione di origine<\/strong>Una documentazione adeguata garantisce che le merci possano beneficiare di eventuali tariffe preferenziali previste dagli accordi commerciali, il che pu\u00f2 ridurre i costi.<\/p><p>Una volta che la documentazione \u00e8 in ordine, le aziende devono <strong>ottenere tutte le licenze e i permessi necessari<\/strong>Questo passaggio \u00e8 particolarmente importante per i beni soggetti a restrizioni che richiedono un&#039;autorizzazione speciale per l&#039;importazione o l&#039;esportazione.<\/p><p>La presentazione accurata e tempestiva della documentazione doganale \u00e8 essenziale. Le aziende devono <strong>preparare e presentare dichiarazioni doganali accurate<\/strong> che includono tutta la documentazione richiesta. Errori nella documentazione possono causare ritardi nell&#039;elaborazione o sanzioni.<\/p>\t\t\t\t\t\t\t\t<\/div>\n\t\t\t\t<\/div>\n\t\t\t\t<\/div>\n\t\t\t\t<\/div>\n\t\t\t\t\t<\/div>\n\t\t\t\t<\/div>\n\t\t<div class=\"elementor-element elementor-element-3140651b e-flex e-con-boxed e-con e-parent\" data-id=\"3140651b\" data-element_type=\"container\" data-e-type=\"container\" data-settings=\"{&quot;background_background&quot;:&quot;classic&quot;}\">\n\t\t\t\t\t<div class=\"e-con-inner\">\n\t\t<div class=\"elementor-element elementor-element-28b5d951 e-con-full e-flex e-con e-child\" data-id=\"28b5d951\" data-element_type=\"container\" data-e-type=\"container\">\n\t\t<div class=\"elementor-element elementor-element-45ef1905 e-con-full e-flex e-con e-child\" data-id=\"45ef1905\" data-element_type=\"container\" data-e-type=\"container\">\n\t\t<div class=\"elementor-element elementor-element-61ce78a3 e-con-full e-flex e-con e-child\" data-id=\"61ce78a3\" data-element_type=\"container\" data-e-type=\"container\">\n\t\t\t\t<div class=\"elementor-element elementor-element-7a9b86ef elementor-widget elementor-widget-text-editor\" data-id=\"7a9b86ef\" data-element_type=\"widget\" data-e-type=\"widget\" data-widget_type=\"text-editor.default\">\n\t\t\t\t<div class=\"elementor-widget-container\">\n\t\t\t\t\t\t\t\t\t<p>Inoltre, \u00e8 importante <strong>garantire il pagamento puntuale di dazi, tasse e imposte<\/strong> per evitare ritardi nello sdoganamento. Il mancato pagamento o il pagamento in ritardo possono comportare il fermo della merce in dogana.<\/p><p>Per semplificare ulteriormente il processo, le aziende devono <strong>monitorare il rispetto delle normative locali<\/strong>Garantire che le merci soddisfino tutti gli standard pertinenti in materia di salute, sicurezza e ambiente aiuta a evitare problemi imprevisti durante lo sdoganamento.<\/p><p>Infine, le aziende dovrebbero <strong>implementare misure di sicurezza robuste<\/strong> per proteggersi da attivit\u00e0 illegali come il contrabbando o la frode. Una gestione efficace del rischio aiuta a garantire un&#039;elaborazione doganale fluida e protegge l&#039;azienda da complicazioni legali.<\/p><p>Affrontando queste problematiche e seguendo i passaggi descritti, le aziende possono semplificare i processi doganali, prevenire costosi errori e mantenere fluide le operazioni commerciali internazionali.<\/p>\t\t\t\t\t\t\t\t<\/div>\n\t\t\t\t<\/div>\n\t\t\t\t<\/div>\n\t\t\t\t<\/div>\n\t\t\t\t<\/div>\n\t\t\t\t\t<\/div>\n\t\t\t\t<\/div>\n\t\t\t\t<\/div>","protected":false},"excerpt":{"rendered":"<p>Customs compliance is a vital part of international trade. It ensures that businesses adhere to all regulatory requirements when importing or exporting goods. Failure to comply can lead to significant penalties, delays, or even legal complications. Below, we examine the primary issues in customs compliance and provide practical steps to manage them effectively. Key Issues [&hellip;]<\/p>\n","protected":false},"author":1,"featured_media":0,"parent":0,"menu_order":0,"comment_status":"closed","ping_status":"closed","template":"","meta":{"_acf_changed":false,"footnotes":""},"class_list":["post-1581","page","type-page","status-publish","hentry"],"acf":[],"yoast_head":"<!-- This site is optimized with the Yoast SEO plugin v27.3 - https:\/\/yoast.com\/product\/yoast-seo-wordpress\/ -->\n<title>Customs Compliance Services - Groupe Transit<\/title>\n<meta name=\"robots\" content=\"index, follow, max-snippet:-1, max-image-preview:large, max-video-preview:-1\" \/>\n<link rel=\"canonical\" href=\"https:\/\/groupetransit.com\/it\/servizi-di-conformita-doganale\/\" \/>\n<meta property=\"og:locale\" content=\"it_IT\" \/>\n<meta property=\"og:type\" content=\"article\" \/>\n<meta property=\"og:title\" content=\"Customs Compliance Services - Groupe Transit\" \/>\n<meta property=\"og:description\" content=\"Customs compliance is a vital part of international trade. It ensures that businesses adhere to all regulatory requirements when importing or exporting goods. Failure to comply can lead to significant penalties, delays, or even legal complications. Below, we examine the primary issues in customs compliance and provide practical steps to manage them effectively. Key Issues [&hellip;]\" \/>\n<meta property=\"og:url\" content=\"https:\/\/groupetransit.com\/it\/servizi-di-conformita-doganale\/\" \/>\n<meta property=\"og:site_name\" content=\"Groupe Transit\" \/>\n<meta property=\"article:publisher\" content=\"https:\/\/www.facebook.com\/groupetransit\/\" \/>\n<meta property=\"article:modified_time\" content=\"2024-10-07T14:49:37+00:00\" \/>\n<meta property=\"og:image\" content=\"https:\/\/groupetransit.com\/wp-content\/uploads\/2024\/10\/compliance.jpg\" \/>\n<meta name=\"twitter:card\" content=\"summary_large_image\" \/>\n<meta name=\"twitter:label1\" content=\"Tempo di lettura stimato\" \/>\n\t<meta name=\"twitter:data1\" content=\"3 minuti\" \/>\n<script type=\"application\/ld+json\" class=\"yoast-schema-graph\">{\"@context\":\"https:\\\/\\\/schema.org\",\"@graph\":[{\"@type\":\"WebPage\",\"@id\":\"https:\\\/\\\/groupetransit.com\\\/customs-compliance-services\\\/\",\"url\":\"https:\\\/\\\/groupetransit.com\\\/customs-compliance-services\\\/\",\"name\":\"Customs Compliance Services - Groupe Transit\",\"isPartOf\":{\"@id\":\"https:\\\/\\\/groupetransit.com\\\/#website\"},\"primaryImageOfPage\":{\"@id\":\"https:\\\/\\\/groupetransit.com\\\/customs-compliance-services\\\/#primaryimage\"},\"image\":{\"@id\":\"https:\\\/\\\/groupetransit.com\\\/customs-compliance-services\\\/#primaryimage\"},\"thumbnailUrl\":\"https:\\\/\\\/groupetransit.com\\\/wp-content\\\/uploads\\\/2024\\\/10\\\/compliance.jpg\",\"datePublished\":\"2024-09-30T18:46:08+00:00\",\"dateModified\":\"2024-10-07T14:49:37+00:00\",\"breadcrumb\":{\"@id\":\"https:\\\/\\\/groupetransit.com\\\/customs-compliance-services\\\/#breadcrumb\"},\"inLanguage\":\"it-IT\",\"potentialAction\":[{\"@type\":\"ReadAction\",\"target\":[\"https:\\\/\\\/groupetransit.com\\\/customs-compliance-services\\\/\"]}]},{\"@type\":\"ImageObject\",\"inLanguage\":\"it-IT\",\"@id\":\"https:\\\/\\\/groupetransit.com\\\/customs-compliance-services\\\/#primaryimage\",\"url\":\"https:\\\/\\\/groupetransit.com\\\/wp-content\\\/uploads\\\/2024\\\/10\\\/compliance.jpg\",\"contentUrl\":\"https:\\\/\\\/groupetransit.com\\\/wp-content\\\/uploads\\\/2024\\\/10\\\/compliance.jpg\"},{\"@type\":\"BreadcrumbList\",\"@id\":\"https:\\\/\\\/groupetransit.com\\\/customs-compliance-services\\\/#breadcrumb\",\"itemListElement\":[{\"@type\":\"ListItem\",\"position\":1,\"name\":\"Home\",\"item\":\"https:\\\/\\\/groupetransit.com\\\/\"},{\"@type\":\"ListItem\",\"position\":2,\"name\":\"Customs Compliance Services\"}]},{\"@type\":\"WebSite\",\"@id\":\"https:\\\/\\\/groupetransit.com\\\/#website\",\"url\":\"https:\\\/\\\/groupetransit.com\\\/\",\"name\":\"Groupe Transit\",\"description\":\"Transport Services\",\"publisher\":{\"@id\":\"https:\\\/\\\/groupetransit.com\\\/#organization\"},\"potentialAction\":[{\"@type\":\"SearchAction\",\"target\":{\"@type\":\"EntryPoint\",\"urlTemplate\":\"https:\\\/\\\/groupetransit.com\\\/?s={search_term_string}\"},\"query-input\":{\"@type\":\"PropertyValueSpecification\",\"valueRequired\":true,\"valueName\":\"search_term_string\"}}],\"inLanguage\":\"it-IT\"},{\"@type\":\"Organization\",\"@id\":\"https:\\\/\\\/groupetransit.com\\\/#organization\",\"name\":\"Groupe Transit\",\"url\":\"https:\\\/\\\/groupetransit.com\\\/\",\"logo\":{\"@type\":\"ImageObject\",\"inLanguage\":\"it-IT\",\"@id\":\"https:\\\/\\\/groupetransit.com\\\/#\\\/schema\\\/logo\\\/image\\\/\",\"url\":\"https:\\\/\\\/groupetransit.com\\\/wp-content\\\/uploads\\\/2024\\\/07\\\/Logo-1.png\",\"contentUrl\":\"https:\\\/\\\/groupetransit.com\\\/wp-content\\\/uploads\\\/2024\\\/07\\\/Logo-1.png\",\"width\":162,\"height\":57,\"caption\":\"Groupe Transit\"},\"image\":{\"@id\":\"https:\\\/\\\/groupetransit.com\\\/#\\\/schema\\\/logo\\\/image\\\/\"},\"sameAs\":[\"https:\\\/\\\/www.facebook.com\\\/groupetransit\\\/\",\"https:\\\/\\\/ca.linkedin.com\\\/company\\\/groupe-transit\",\"https:\\\/\\\/www.youtube.com\\\/channel\\\/UCIhizN865L6EI2clCScF7dA\"]}]}<\/script>\n<!-- \/ Yoast SEO plugin. -->","yoast_head_json":{"title":"Servizi di conformit\u00e0 doganale - Groupe Transit","robots":{"index":"index","follow":"follow","max-snippet":"max-snippet:-1","max-image-preview":"max-image-preview:large","max-video-preview":"max-video-preview:-1"},"canonical":"https:\/\/groupetransit.com\/it\/servizi-di-conformita-doganale\/","og_locale":"it_IT","og_type":"article","og_title":"Customs Compliance Services - Groupe Transit","og_description":"Customs compliance is a vital part of international trade. It ensures that businesses adhere to all regulatory requirements when importing or exporting goods. Failure to comply can lead to significant penalties, delays, or even legal complications. Below, we examine the primary issues in customs compliance and provide practical steps to manage them effectively. Key Issues [&hellip;]","og_url":"https:\/\/groupetransit.com\/it\/servizi-di-conformita-doganale\/","og_site_name":"Groupe Transit","article_publisher":"https:\/\/www.facebook.com\/groupetransit\/","article_modified_time":"2024-10-07T14:49:37+00:00","og_image":[{"url":"https:\/\/groupetransit.com\/wp-content\/uploads\/2024\/10\/compliance.jpg","type":"","width":"","height":""}],"twitter_card":"summary_large_image","twitter_misc":{"Tempo di lettura stimato":"3 minuti"},"schema":{"@context":"https:\/\/schema.org","@graph":[{"@type":"WebPage","@id":"https:\/\/groupetransit.com\/customs-compliance-services\/","url":"https:\/\/groupetransit.com\/customs-compliance-services\/","name":"Servizi di conformit\u00e0 doganale - Groupe Transit","isPartOf":{"@id":"https:\/\/groupetransit.com\/#website"},"primaryImageOfPage":{"@id":"https:\/\/groupetransit.com\/customs-compliance-services\/#primaryimage"},"image":{"@id":"https:\/\/groupetransit.com\/customs-compliance-services\/#primaryimage"},"thumbnailUrl":"https:\/\/groupetransit.com\/wp-content\/uploads\/2024\/10\/compliance.jpg","datePublished":"2024-09-30T18:46:08+00:00","dateModified":"2024-10-07T14:49:37+00:00","breadcrumb":{"@id":"https:\/\/groupetransit.com\/customs-compliance-services\/#breadcrumb"},"inLanguage":"it-IT","potentialAction":[{"@type":"ReadAction","target":["https:\/\/groupetransit.com\/customs-compliance-services\/"]}]},{"@type":"ImageObject","inLanguage":"it-IT","@id":"https:\/\/groupetransit.com\/customs-compliance-services\/#primaryimage","url":"https:\/\/groupetransit.com\/wp-content\/uploads\/2024\/10\/compliance.jpg","contentUrl":"https:\/\/groupetransit.com\/wp-content\/uploads\/2024\/10\/compliance.jpg"},{"@type":"BreadcrumbList","@id":"https:\/\/groupetransit.com\/customs-compliance-services\/#breadcrumb","itemListElement":[{"@type":"ListItem","position":1,"name":"Home","item":"https:\/\/groupetransit.com\/"},{"@type":"ListItem","position":2,"name":"Customs Compliance Services"}]},{"@type":"WebSite","@id":"https:\/\/groupetransit.com\/#website","url":"https:\/\/groupetransit.com\/","name":"Gruppo Transito","description":"Servizi di trasporto","publisher":{"@id":"https:\/\/groupetransit.com\/#organization"},"potentialAction":[{"@type":"SearchAction","target":{"@type":"EntryPoint","urlTemplate":"https:\/\/groupetransit.com\/?s={search_term_string}"},"query-input":{"@type":"PropertyValueSpecification","valueRequired":true,"valueName":"search_term_string"}}],"inLanguage":"it-IT"},{"@type":"Organization","@id":"https:\/\/groupetransit.com\/#organization","name":"Gruppo Transito","url":"https:\/\/groupetransit.com\/","logo":{"@type":"ImageObject","inLanguage":"it-IT","@id":"https:\/\/groupetransit.com\/#\/schema\/logo\/image\/","url":"https:\/\/groupetransit.com\/wp-content\/uploads\/2024\/07\/Logo-1.png","contentUrl":"https:\/\/groupetransit.com\/wp-content\/uploads\/2024\/07\/Logo-1.png","width":162,"height":57,"caption":"Groupe Transit"},"image":{"@id":"https:\/\/groupetransit.com\/#\/schema\/logo\/image\/"},"sameAs":["https:\/\/www.facebook.com\/groupetransit\/","https:\/\/ca.linkedin.com\/company\/groupe-transit","https:\/\/www.youtube.com\/channel\/UCIhizN865L6EI2clCScF7dA"]}]}},"_links":{"self":[{"href":"https:\/\/groupetransit.com\/it\/wp-json\/wp\/v2\/pages\/1581","targetHints":{"allow":["GET"]}}],"collection":[{"href":"https:\/\/groupetransit.com\/it\/wp-json\/wp\/v2\/pages"}],"about":[{"href":"https:\/\/groupetransit.com\/it\/wp-json\/wp\/v2\/types\/page"}],"author":[{"embeddable":true,"href":"https:\/\/groupetransit.com\/it\/wp-json\/wp\/v2\/users\/1"}],"replies":[{"embeddable":true,"href":"https:\/\/groupetransit.com\/it\/wp-json\/wp\/v2\/comments?post=1581"}],"version-history":[{"count":16,"href":"https:\/\/groupetransit.com\/it\/wp-json\/wp\/v2\/pages\/1581\/revisions"}],"predecessor-version":[{"id":2236,"href":"https:\/\/groupetransit.com\/it\/wp-json\/wp\/v2\/pages\/1581\/revisions\/2236"}],"wp:attachment":[{"href":"https:\/\/groupetransit.com\/it\/wp-json\/wp\/v2\/media?parent=1581"}],"curies":[{"name":"wp","href":"https:\/\/api.w.org\/{rel}","templated":true}]}}