{"id":32,"date":"2024-07-09T10:42:16","date_gmt":"2024-07-09T10:42:16","guid":{"rendered":"https:\/\/groupetransit.com\/?page_id=32"},"modified":"2024-07-22T10:32:32","modified_gmt":"2024-07-22T10:32:32","slug":"outils","status":"publish","type":"page","link":"https:\/\/groupetransit.com\/fr\/tools\/","title":{"rendered":"Outils"},"content":{"rendered":"<div data-elementor-type=\"wp-page\" data-elementor-id=\"32\" class=\"elementor elementor-32\" data-elementor-post-type=\"page\">\n\t\t\t\t<div class=\"elementor-element elementor-element-b271351 e-con-full e-flex e-con e-parent\" data-id=\"b271351\" data-element_type=\"container\" data-e-type=\"container\">\n\t\t<div class=\"elementor-element elementor-element-b4ff678 e-flex e-con-boxed e-con e-child\" data-id=\"b4ff678\" data-element_type=\"container\" data-e-type=\"container\">\n\t\t\t\t\t<div class=\"e-con-inner\">\n\t\t\t\t<div class=\"elementor-element elementor-element-c73c434 elementor-widget elementor-widget-heading\" data-id=\"c73c434\" data-element_type=\"widget\" data-e-type=\"widget\" data-widget_type=\"heading.default\">\n\t\t\t\t<div class=\"elementor-widget-container\">\n\t\t\t\t\t<h1 class=\"elementor-heading-title elementor-size-default\">Outils<\/h1>\t\t\t\t<\/div>\n\t\t\t\t<\/div>\n\t\t\t\t\t<\/div>\n\t\t\t\t<\/div>\n\t\t<div class=\"elementor-element elementor-element-9946075 e-flex e-con-boxed e-con e-child\" data-id=\"9946075\" data-element_type=\"container\" data-e-type=\"container\">\n\t\t\t\t\t<div class=\"e-con-inner\">\n\t\t\t\t<div class=\"elementor-element elementor-element-5df0907 elementor-widget elementor-widget-shortcode\" data-id=\"5df0907\" data-element_type=\"widget\" data-e-type=\"widget\" data-widget_type=\"shortcode.default\">\n\t\t\t\t<div class=\"elementor-widget-container\">\n\t\t\t\t\t\t\t<div class=\"elementor-shortcode\">        <div class=\"tools_feed\">\r\n            <div class=\"tools_item\">\r\n    <div class=\"title_content\">\r\n                    <figure class=\"tools-thumbnail\">\r\n                <img decoding=\"async\" width=\"58\" height=\"60\" src=\"https:\/\/groupetransit.com\/wp-content\/uploads\/2024\/07\/Icon.png\" class=\"attachment-post-thumbnail size-post-thumbnail wp-post-image\" alt=\"\" \/>            <\/figure>\r\n                <h3 class='post_title'>Fiche d&#039;\u00e9tiquetage<\/h3> \r\n        <p>Reconnu pour son efficacit\u00e9 logistique \u00e0 l&#039;export, GROUPE TRANSIT vous propose son service \u00ab Etiquetage \u00bb qui comprend la r\u00e9vision compl\u00e8te des \u00e9tiquettes et des fiches nutritionnelles.<\/p>\n    \r\n    <\/div>   \r\n    <div class=\"file_btn\">\r\n                <a id=\"popup_form\" class=\"307\" data-id=\"\" href=\"#\">t\u00e9l\u00e9charger<\/a>\r\n    <\/div>\r\n<\/div>\r\n\r\n<div class=\"tools_item\">\r\n    <div class=\"title_content\">\r\n                    <figure class=\"tools-thumbnail\">\r\n                <img decoding=\"async\" width=\"58\" height=\"60\" src=\"https:\/\/groupetransit.com\/wp-content\/uploads\/2024\/07\/Icon.png\" class=\"attachment-post-thumbnail size-post-thumbnail wp-post-image\" alt=\"\" \/>            <\/figure>\r\n                <h3 class='post_title'>Fiche des p\u00f4les logistiques<\/h3> \r\n        <p>Avec son vaste r\u00e9seau d\u2019entrep\u00f4ts logistiques (HUBS), GROUPE TRANSIT vous offre la possibilit\u00e9 de vous rapprocher de vos clients comme s\u2019ils \u00e9taient votre voisin.<\/p>\n    \r\n    <\/div>   \r\n    <div class=\"file_btn\">\r\n                <a id=\"popup_form\" class=\"310\" data-id=\"\" href=\"#\">t\u00e9l\u00e9charger<\/a>\r\n    <\/div>\r\n<\/div>\r\n\r\n<div class=\"tools_item\">\r\n    <div class=\"title_content\">\r\n                    <figure class=\"tools-thumbnail\">\r\n                <img decoding=\"async\" width=\"58\" height=\"60\" src=\"https:\/\/groupetransit.com\/wp-content\/uploads\/2024\/07\/Icon.png\" class=\"attachment-post-thumbnail size-post-thumbnail wp-post-image\" alt=\"\" \/>            <\/figure>\r\n                <h3 class='post_title'>Transitaire<\/h3> \r\n        <p>GROUPE TRANSIT vous propose son service &#039;Transitaire International&#039; qui vous accompagne dans vos exp\u00e9ditions internationales par voie maritime, a\u00e9rienne, routi\u00e8re et ferroviaire.<\/p>\n    \r\n    <\/div>   \r\n    <div class=\"file_btn\">\r\n                <a id=\"popup_form\" class=\"311\" data-id=\"\" href=\"#\">t\u00e9l\u00e9charger<\/a>\r\n    <\/div>\r\n<\/div>\r\n\r\n<div class=\"tools_item\">\r\n    <div class=\"title_content\">\r\n                    <figure class=\"tools-thumbnail\">\r\n                <img decoding=\"async\" width=\"58\" height=\"60\" src=\"https:\/\/groupetransit.com\/wp-content\/uploads\/2024\/07\/Icon.png\" class=\"attachment-post-thumbnail size-post-thumbnail wp-post-image\" alt=\"\" \/>            <\/figure>\r\n                <h3 class='post_title'>Fiche FSVP<\/h3> \r\n        <p>GROUPE TRANSIT et son partenaire am\u00e9ricain VMS, peuvent repr\u00e9senter votre entreprise comme premier point de contact aupr\u00e8s de la FDA pour toute question concernant vos programmes de s\u00e9curit\u00e9 alimentaire, vos certifications internationales et vos audits annuels.<\/p>\n    \r\n    <\/div>   \r\n    <div class=\"file_btn\">\r\n                <a id=\"popup_form\" class=\"312\" data-id=\"\" href=\"#\">t\u00e9l\u00e9charger<\/a>\r\n    <\/div>\r\n<\/div>\r\n\r\n<div class=\"tools_item\">\r\n    <div class=\"title_content\">\r\n                    <figure class=\"tools-thumbnail\">\r\n                <img decoding=\"async\" width=\"58\" height=\"60\" src=\"https:\/\/groupetransit.com\/wp-content\/uploads\/2024\/07\/Icon.png\" class=\"attachment-post-thumbnail size-post-thumbnail wp-post-image\" alt=\"\" \/>            <\/figure>\r\n                <h3 class='post_title'>Assurance de marchandises<\/h3> \r\n        <p>Un envoi non couvert par une assurance compl\u00e9mentaire peut entra\u00eener une perte importante, voire mettre en p\u00e9ril votre entreprise. Avec notre couverture TransitGO, travaillez en toute tranquillit\u00e9 et concentrez-vous sur ce que vous faites le mieux.<\/p>\n    \r\n    <\/div>   \r\n    <div class=\"file_btn\">\r\n                <a id=\"popup_form\" class=\"313\" data-id=\"\" href=\"#\">t\u00e9l\u00e9charger<\/a>\r\n    <\/div>\r\n<\/div>\r\n\r\n        <\/div>\r\n    <\/div>\n\t\t\t\t\t\t<\/div>\n\t\t\t\t<\/div>\n\t\t\t\t\t<\/div>\n\t\t\t\t<\/div>\n\t\t\t\t<\/div>\n\t\t\t\t<\/div>","protected":false},"excerpt":{"rendered":"<p>Outils<\/p>","protected":false},"author":1,"featured_media":0,"parent":0,"menu_order":0,"comment_status":"closed","ping_status":"closed","template":"","meta":{"_acf_changed":false,"footnotes":""},"class_list":["post-32","page","type-page","status-publish","hentry"],"acf":[],"yoast_head":"<!-- This site is optimized with the Yoast SEO plugin v27.3 - https:\/\/yoast.com\/product\/yoast-seo-wordpress\/ -->\n<title>Tools - Groupe Transit<\/title>\n<meta name=\"robots\" content=\"index, follow, max-snippet:-1, max-image-preview:large, max-video-preview:-1\" \/>\n<link rel=\"canonical\" href=\"https:\/\/groupetransit.com\/fr\/outils\/\" \/>\n<meta property=\"og:locale\" content=\"fr_CA\" \/>\n<meta property=\"og:type\" content=\"article\" \/>\n<meta property=\"og:title\" content=\"Tools - Groupe Transit\" \/>\n<meta property=\"og:description\" content=\"Tools\" \/>\n<meta property=\"og:url\" content=\"https:\/\/groupetransit.com\/fr\/outils\/\" \/>\n<meta property=\"og:site_name\" content=\"Groupe Transit\" \/>\n<meta property=\"article:publisher\" content=\"https:\/\/www.facebook.com\/groupetransit\/\" \/>\n<meta property=\"article:modified_time\" content=\"2024-07-22T10:32:32+00:00\" \/>\n<meta name=\"twitter:card\" content=\"summary_large_image\" \/>\n<script type=\"application\/ld+json\" class=\"yoast-schema-graph\">{\"@context\":\"https:\\\/\\\/schema.org\",\"@graph\":[{\"@type\":\"WebPage\",\"@id\":\"https:\\\/\\\/groupetransit.com\\\/tools\\\/\",\"url\":\"https:\\\/\\\/groupetransit.com\\\/tools\\\/\",\"name\":\"Tools - Groupe Transit\",\"isPartOf\":{\"@id\":\"https:\\\/\\\/groupetransit.com\\\/#website\"},\"datePublished\":\"2024-07-09T10:42:16+00:00\",\"dateModified\":\"2024-07-22T10:32:32+00:00\",\"breadcrumb\":{\"@id\":\"https:\\\/\\\/groupetransit.com\\\/tools\\\/#breadcrumb\"},\"inLanguage\":\"fr-CA\",\"potentialAction\":[{\"@type\":\"ReadAction\",\"target\":[\"https:\\\/\\\/groupetransit.com\\\/tools\\\/\"]}]},{\"@type\":\"BreadcrumbList\",\"@id\":\"https:\\\/\\\/groupetransit.com\\\/tools\\\/#breadcrumb\",\"itemListElement\":[{\"@type\":\"ListItem\",\"position\":1,\"name\":\"Home\",\"item\":\"https:\\\/\\\/groupetransit.com\\\/\"},{\"@type\":\"ListItem\",\"position\":2,\"name\":\"Tools\"}]},{\"@type\":\"WebSite\",\"@id\":\"https:\\\/\\\/groupetransit.com\\\/#website\",\"url\":\"https:\\\/\\\/groupetransit.com\\\/\",\"name\":\"Groupe Transit\",\"description\":\"Transport Services\",\"publisher\":{\"@id\":\"https:\\\/\\\/groupetransit.com\\\/#organization\"},\"potentialAction\":[{\"@type\":\"SearchAction\",\"target\":{\"@type\":\"EntryPoint\",\"urlTemplate\":\"https:\\\/\\\/groupetransit.com\\\/?s={search_term_string}\"},\"query-input\":{\"@type\":\"PropertyValueSpecification\",\"valueRequired\":true,\"valueName\":\"search_term_string\"}}],\"inLanguage\":\"fr-CA\"},{\"@type\":\"Organization\",\"@id\":\"https:\\\/\\\/groupetransit.com\\\/#organization\",\"name\":\"Groupe Transit\",\"url\":\"https:\\\/\\\/groupetransit.com\\\/\",\"logo\":{\"@type\":\"ImageObject\",\"inLanguage\":\"fr-CA\",\"@id\":\"https:\\\/\\\/groupetransit.com\\\/#\\\/schema\\\/logo\\\/image\\\/\",\"url\":\"https:\\\/\\\/groupetransit.com\\\/wp-content\\\/uploads\\\/2024\\\/07\\\/Logo-1.png\",\"contentUrl\":\"https:\\\/\\\/groupetransit.com\\\/wp-content\\\/uploads\\\/2024\\\/07\\\/Logo-1.png\",\"width\":162,\"height\":57,\"caption\":\"Groupe Transit\"},\"image\":{\"@id\":\"https:\\\/\\\/groupetransit.com\\\/#\\\/schema\\\/logo\\\/image\\\/\"},\"sameAs\":[\"https:\\\/\\\/www.facebook.com\\\/groupetransit\\\/\",\"https:\\\/\\\/ca.linkedin.com\\\/company\\\/groupe-transit\",\"https:\\\/\\\/www.youtube.com\\\/channel\\\/UCIhizN865L6EI2clCScF7dA\"]}]}<\/script>\n<!-- \/ Yoast SEO plugin. -->","yoast_head_json":{"title":"Outils - Groupe Transit","robots":{"index":"index","follow":"follow","max-snippet":"max-snippet:-1","max-image-preview":"max-image-preview:large","max-video-preview":"max-video-preview:-1"},"canonical":"https:\/\/groupetransit.com\/fr\/outils\/","og_locale":"fr_CA","og_type":"article","og_title":"Tools - Groupe Transit","og_description":"Tools","og_url":"https:\/\/groupetransit.com\/fr\/outils\/","og_site_name":"Groupe Transit","article_publisher":"https:\/\/www.facebook.com\/groupetransit\/","article_modified_time":"2024-07-22T10:32:32+00:00","twitter_card":"summary_large_image","schema":{"@context":"https:\/\/schema.org","@graph":[{"@type":"WebPage","@id":"https:\/\/groupetransit.com\/tools\/","url":"https:\/\/groupetransit.com\/tools\/","name":"Outils - Groupe Transit","isPartOf":{"@id":"https:\/\/groupetransit.com\/#website"},"datePublished":"2024-07-09T10:42:16+00:00","dateModified":"2024-07-22T10:32:32+00:00","breadcrumb":{"@id":"https:\/\/groupetransit.com\/tools\/#breadcrumb"},"inLanguage":"fr-CA","potentialAction":[{"@type":"ReadAction","target":["https:\/\/groupetransit.com\/tools\/"]}]},{"@type":"BreadcrumbList","@id":"https:\/\/groupetransit.com\/tools\/#breadcrumb","itemListElement":[{"@type":"ListItem","position":1,"name":"Home","item":"https:\/\/groupetransit.com\/"},{"@type":"ListItem","position":2,"name":"Tools"}]},{"@type":"WebSite","@id":"https:\/\/groupetransit.com\/#website","url":"https:\/\/groupetransit.com\/","name":"Groupe Transit","description":"Services de transport","publisher":{"@id":"https:\/\/groupetransit.com\/#organization"},"potentialAction":[{"@type":"SearchAction","target":{"@type":"EntryPoint","urlTemplate":"https:\/\/groupetransit.com\/?s={search_term_string}"},"query-input":{"@type":"PropertyValueSpecification","valueRequired":true,"valueName":"search_term_string"}}],"inLanguage":"fr-CA"},{"@type":"Organization","@id":"https:\/\/groupetransit.com\/#organization","name":"Groupe Transit","url":"https:\/\/groupetransit.com\/","logo":{"@type":"ImageObject","inLanguage":"fr-CA","@id":"https:\/\/groupetransit.com\/#\/schema\/logo\/image\/","url":"https:\/\/groupetransit.com\/wp-content\/uploads\/2024\/07\/Logo-1.png","contentUrl":"https:\/\/groupetransit.com\/wp-content\/uploads\/2024\/07\/Logo-1.png","width":162,"height":57,"caption":"Groupe Transit"},"image":{"@id":"https:\/\/groupetransit.com\/#\/schema\/logo\/image\/"},"sameAs":["https:\/\/www.facebook.com\/groupetransit\/","https:\/\/ca.linkedin.com\/company\/groupe-transit","https:\/\/www.youtube.com\/channel\/UCIhizN865L6EI2clCScF7dA"]}]}},"_links":{"self":[{"href":"https:\/\/groupetransit.com\/fr\/wp-json\/wp\/v2\/pages\/32","targetHints":{"allow":["GET"]}}],"collection":[{"href":"https:\/\/groupetransit.com\/fr\/wp-json\/wp\/v2\/pages"}],"about":[{"href":"https:\/\/groupetransit.com\/fr\/wp-json\/wp\/v2\/types\/page"}],"author":[{"embeddable":true,"href":"https:\/\/groupetransit.com\/fr\/wp-json\/wp\/v2\/users\/1"}],"replies":[{"embeddable":true,"href":"https:\/\/groupetransit.com\/fr\/wp-json\/wp\/v2\/comments?post=32"}],"version-history":[{"count":11,"href":"https:\/\/groupetransit.com\/fr\/wp-json\/wp\/v2\/pages\/32\/revisions"}],"predecessor-version":[{"id":2545,"href":"https:\/\/groupetransit.com\/fr\/wp-json\/wp\/v2\/pages\/32\/revisions\/2545"}],"wp:attachment":[{"href":"https:\/\/groupetransit.com\/fr\/wp-json\/wp\/v2\/media?parent=32"}],"curies":[{"name":"wp","href":"https:\/\/api.w.org\/{rel}","templated":true}]}}