{"id":1581,"date":"2024-09-30T18:46:08","date_gmt":"2024-09-30T18:46:08","guid":{"rendered":"https:\/\/groupetransit.com\/?page_id=1581"},"modified":"2024-10-07T14:49:37","modified_gmt":"2024-10-07T14:49:37","slug":"services-de-conformite-douaniere","status":"publish","type":"page","link":"https:\/\/groupetransit.com\/fr\/customs-compliance-services\/","title":{"rendered":"Services de conformit\u00e9 douani\u00e8re"},"content":{"rendered":"<div data-elementor-type=\"wp-page\" data-elementor-id=\"1581\" class=\"elementor elementor-1581\" data-elementor-post-type=\"page\">\n\t\t\t\t<div class=\"elementor-element elementor-element-e864a88 e-flex e-con-boxed e-con e-parent\" data-id=\"e864a88\" data-element_type=\"container\" data-e-type=\"container\">\n\t\t\t\t\t<div class=\"e-con-inner\">\n\t\t\t\t<div class=\"elementor-element elementor-element-2c9833f elementor-widget elementor-widget-theme-post-title elementor-page-title elementor-widget-heading\" data-id=\"2c9833f\" data-element_type=\"widget\" data-e-type=\"widget\" data-widget_type=\"theme-post-title.default\">\n\t\t\t\t<div class=\"elementor-widget-container\">\n\t\t\t\t\t<h1 class=\"elementor-heading-title elementor-size-default\">Services de conformit\u00e9 douani\u00e8re<\/h1>\t\t\t\t<\/div>\n\t\t\t\t<\/div>\n\t\t\t\t\t<\/div>\n\t\t\t\t<\/div>\n\t\t<div class=\"elementor-element elementor-element-5e7d2a44 e-flex e-con-boxed e-con e-parent\" data-id=\"5e7d2a44\" data-element_type=\"container\" data-e-type=\"container\">\n\t\t\t\t\t<div class=\"e-con-inner\">\n\t\t<div class=\"elementor-element elementor-element-56c275a6 e-con-full e-flex e-con e-child\" data-id=\"56c275a6\" data-element_type=\"container\" data-e-type=\"container\">\n\t\t<div class=\"elementor-element elementor-element-29880953 e-con-full e-flex e-con e-child\" data-id=\"29880953\" data-element_type=\"container\" data-e-type=\"container\">\n\t\t<div class=\"elementor-element elementor-element-48e519c7 e-con-full e-flex e-con e-child\" data-id=\"48e519c7\" data-element_type=\"container\" data-e-type=\"container\">\n\t\t\t\t<div class=\"elementor-element elementor-element-267e510f elementor-widget elementor-widget-text-editor\" data-id=\"267e510f\" data-element_type=\"widget\" data-e-type=\"widget\" data-widget_type=\"text-editor.default\">\n\t\t\t\t<div class=\"elementor-widget-container\">\n\t\t\t\t\t\t\t\t\t<p>La conformit\u00e9 douani\u00e8re est un \u00e9l\u00e9ment essentiel du commerce international. Elle garantit que les entreprises respectent toutes les exigences r\u00e9glementaires lors de l&#039;importation ou de l&#039;exportation de marchandises. Le non-respect de ces exigences peut entra\u00eener des p\u00e9nalit\u00e9s importantes, des retards, voire des complications juridiques. Ci-dessous, nous examinons les principaux probl\u00e8mes li\u00e9s \u00e0 la conformit\u00e9 douani\u00e8re et proposons des mesures pratiques pour les g\u00e9rer efficacement.<\/p>\t\t\t\t\t\t\t\t<\/div>\n\t\t\t\t<\/div>\n\t\t\t\t<div class=\"elementor-element elementor-element-384dcf57 elementor-widget elementor-widget-heading\" data-id=\"384dcf57\" data-element_type=\"widget\" data-e-type=\"widget\" data-widget_type=\"heading.default\">\n\t\t\t\t<div class=\"elementor-widget-container\">\n\t\t\t\t\t<h2 class=\"elementor-heading-title elementor-size-default\">Questions cl\u00e9s en mati\u00e8re de conformit\u00e9 douani\u00e8re<\/h2>\t\t\t\t<\/div>\n\t\t\t\t<\/div>\n\t\t\t\t<div class=\"elementor-element elementor-element-539e08e3 elementor-widget elementor-widget-text-editor\" data-id=\"539e08e3\" data-element_type=\"widget\" data-e-type=\"widget\" data-widget_type=\"text-editor.default\">\n\t\t\t\t<div class=\"elementor-widget-container\">\n\t\t\t\t\t\t\t\t\t<p>L\u2019un des principaux d\u00e9fis en mati\u00e8re de conformit\u00e9 douani\u00e8re est la <strong>classification pr\u00e9cise des marchandises<\/strong>. Les marchandises doivent \u00eatre class\u00e9es sous le code du Syst\u00e8me harmonis\u00e9 (SH) appropri\u00e9, qui d\u00e9termine les droits et taxes applicables. Une mauvaise classification peut entra\u00eener un paiement excessif ou insuffisant des droits et des p\u00e9nalit\u00e9s.<\/p><p>Le <strong>\u00e9valuation des biens<\/strong> est un autre aspect crucial. D\u00e9clarer correctement la valeur des marchandises est essentiel pour \u00e9viter les probl\u00e8mes douaniers. Une sous-\u00e9valuation ou une sur\u00e9valuation peut entra\u00eener des amendes et des retards. Il est important de s&#039;assurer que la valeur d\u00e9clar\u00e9e est conforme \u00e0 la r\u00e9glementation douani\u00e8re.<\/p><p>De plus, le <strong>origine des marchandises<\/strong> joue un r\u00f4le important dans les processus douaniers. Une certification et une documentation d&#039;origine ad\u00e9quates sont n\u00e9cessaires pour pouvoir b\u00e9n\u00e9ficier d&#039;accords commerciaux pr\u00e9f\u00e9rentiels, qui peuvent offrir des tarifs r\u00e9duits. Sans documentation pr\u00e9cise, les entreprises risquent de perdre ces avantages.<\/p>\t\t\t\t\t\t\t\t<\/div>\n\t\t\t\t<\/div>\n\t\t\t\t<\/div>\n\t\t\t\t<\/div>\n\t\t\t\t<\/div>\n\t\t<div class=\"elementor-element elementor-element-792966b1 e-con-full e-flex e-con e-child\" data-id=\"792966b1\" data-element_type=\"container\" data-e-type=\"container\">\n\t\t\t\t<div class=\"elementor-element elementor-element-32b19dab elementor-widget elementor-widget-image\" data-id=\"32b19dab\" data-element_type=\"widget\" data-e-type=\"widget\" data-widget_type=\"image.default\">\n\t\t\t\t<div class=\"elementor-widget-container\">\n\t\t\t\t\t\t\t\t\t\t\t\t\t\t\t<img fetchpriority=\"high\" decoding=\"async\" width=\"707\" height=\"491\" src=\"https:\/\/groupetransit.com\/wp-content\/uploads\/2024\/10\/compliance.jpg\" class=\"attachment-large size-large wp-image-1897\" alt=\"\" srcset=\"https:\/\/groupetransit.com\/wp-content\/uploads\/2024\/10\/compliance.jpg 707w, https:\/\/groupetransit.com\/wp-content\/uploads\/2024\/10\/compliance-300x208.jpg 300w\" sizes=\"(max-width: 707px) 100vw, 707px\" \/>\t\t\t\t\t\t\t\t\t\t\t\t\t\t\t<\/div>\n\t\t\t\t<\/div>\n\t\t\t\t<\/div>\n\t\t\t\t\t<\/div>\n\t\t\t\t<\/div>\n\t\t<div class=\"elementor-element elementor-element-21014874 e-flex e-con-boxed e-con e-parent\" data-id=\"21014874\" data-element_type=\"container\" data-e-type=\"container\" data-settings=\"{&quot;background_background&quot;:&quot;classic&quot;}\">\n\t\t\t\t\t<div class=\"e-con-inner\">\n\t\t<div class=\"elementor-element elementor-element-2db30df0 e-con-full e-flex e-con e-child\" data-id=\"2db30df0\" data-element_type=\"container\" data-e-type=\"container\">\n\t\t<div class=\"elementor-element elementor-element-8a82d57 e-con-full e-flex e-con e-child\" data-id=\"8a82d57\" data-element_type=\"container\" data-e-type=\"container\">\n\t\t<div class=\"elementor-element elementor-element-7f24af4 e-con-full e-flex e-con e-child\" data-id=\"7f24af4\" data-element_type=\"container\" data-e-type=\"container\">\n\t\t\t\t<div class=\"elementor-element elementor-element-2dee1934 elementor-widget elementor-widget-text-editor\" data-id=\"2dee1934\" data-element_type=\"widget\" data-e-type=\"widget\" data-widget_type=\"text-editor.default\">\n\t\t\t\t<div class=\"elementor-widget-container\">\n\t\t\t\t\t\t\t\t\t<p>Pour les entreprises qui vendent des biens r\u00e9glement\u00e9s ou restreints, l&#039;obtention des documents n\u00e9cessaires <strong>licences et permis<\/strong> est crucial. De nombreuses marchandises sont soumises \u00e0 des quotas ou \u00e0 des restrictions, et l&#039;absence de documentation appropri\u00e9e peut entra\u00eener des retards ou des rejets d&#039;exp\u00e9dition.<\/p><p>Un autre aspect cl\u00e9 de la conformit\u00e9 est la <strong>calcul et paiement des droits et taxes<\/strong>Le calcul et le paiement pr\u00e9cis de tous les droits de douane, taxes et frais applicables garantissent que les marchandises sont d\u00e9douan\u00e9es sans retards inutiles.<\/p><p>L&#039;importance de <strong>exactitude de la documentation<\/strong> On ne saurait trop insister sur ce point. Les autorit\u00e9s douani\u00e8res exigent des documents complets et pr\u00e9cis, notamment des factures, des listes de colisage, des certificats d&#039;origine et des d\u00e9clarations douani\u00e8res. Toute divergence peut entra\u00eener des retards ou des p\u00e9nalit\u00e9s.<\/p><p>Enfin, <strong>respect des r\u00e9glementations locales<\/strong>\u2014 y compris les normes de sant\u00e9, de s\u00e9curit\u00e9 et d\u2019environnement \u2014 est n\u00e9cessaire lors de l\u2019importation ou de l\u2019exportation de marchandises. Chaque pays a des r\u00e9glementations sp\u00e9cifiques qui doivent \u00eatre respect\u00e9es pour \u00e9viter les complications \u00e0 la douane.<\/p><p>Efficace <strong>s\u00e9curit\u00e9 et gestion des risques<\/strong> Les pratiques douani\u00e8res sont \u00e9galement essentielles. La mise en \u0153uvre de protocoles de s\u00e9curit\u00e9 permet de pr\u00e9venir les exp\u00e9ditions ill\u00e9gales, la fraude ou la contrebande, pr\u00e9servant ainsi l\u2019int\u00e9grit\u00e9 du processus douanier.<\/p>\t\t\t\t\t\t\t\t<\/div>\n\t\t\t\t<\/div>\n\t\t\t\t<\/div>\n\t\t\t\t<\/div>\n\t\t\t\t<\/div>\n\t\t\t\t\t<\/div>\n\t\t\t\t<\/div>\n\t\t<div class=\"elementor-element elementor-element-4a1c9480 e-flex e-con-boxed e-con e-parent\" data-id=\"4a1c9480\" data-element_type=\"container\" data-e-type=\"container\" data-settings=\"{&quot;background_background&quot;:&quot;classic&quot;}\">\n\t\t\t\t\t<div class=\"e-con-inner\">\n\t\t<div class=\"elementor-element elementor-element-7162b466 e-con-full e-flex e-con e-child\" data-id=\"7162b466\" data-element_type=\"container\" data-e-type=\"container\">\n\t\t\t\t<div class=\"elementor-element elementor-element-d9739e4 elementor-widget elementor-widget-image\" data-id=\"d9739e4\" data-element_type=\"widget\" data-e-type=\"widget\" data-widget_type=\"image.default\">\n\t\t\t\t<div class=\"elementor-widget-container\">\n\t\t\t\t\t\t\t\t\t\t\t\t\t\t\t<img decoding=\"async\" width=\"707\" height=\"491\" src=\"https:\/\/groupetransit.com\/wp-content\/uploads\/2024\/10\/quality-check.jpg\" class=\"attachment-large size-large wp-image-2040\" alt=\"\" srcset=\"https:\/\/groupetransit.com\/wp-content\/uploads\/2024\/10\/quality-check.jpg 707w, https:\/\/groupetransit.com\/wp-content\/uploads\/2024\/10\/quality-check-300x208.jpg 300w\" sizes=\"(max-width: 707px) 100vw, 707px\" \/>\t\t\t\t\t\t\t\t\t\t\t\t\t\t\t<\/div>\n\t\t\t\t<\/div>\n\t\t\t\t<\/div>\n\t\t<div class=\"elementor-element elementor-element-32bc8399 e-con-full e-flex e-con e-child\" data-id=\"32bc8399\" data-element_type=\"container\" data-e-type=\"container\">\n\t\t<div class=\"elementor-element elementor-element-566c2981 e-con-full e-flex e-con e-child\" data-id=\"566c2981\" data-element_type=\"container\" data-e-type=\"container\">\n\t\t\t\t<div class=\"elementor-element elementor-element-5c4ef91e elementor-widget elementor-widget-heading\" data-id=\"5c4ef91e\" data-element_type=\"widget\" data-e-type=\"widget\" data-widget_type=\"heading.default\">\n\t\t\t\t<div class=\"elementor-widget-container\">\n\t\t\t\t\t<h2 class=\"elementor-heading-title elementor-size-default\">\u00c9tapes \u00e0 suivre pour garantir la conformit\u00e9 douani\u00e8re<\/h2>\t\t\t\t<\/div>\n\t\t\t\t<\/div>\n\t\t\t\t<div class=\"elementor-element elementor-element-25e14c56 elementor-widget elementor-widget-text-editor\" data-id=\"25e14c56\" data-element_type=\"widget\" data-e-type=\"widget\" data-widget_type=\"text-editor.default\">\n\t\t\t\t<div class=\"elementor-widget-container\">\n\t\t\t\t\t\t\t\t\t<p>Pour garantir la conformit\u00e9 douani\u00e8re, la premi\u00e8re \u00e9tape consiste \u00e0 <strong>d\u00e9terminer les codes SH corrects<\/strong> pour tous les produits. Cette \u00e9tape garantit une classification pr\u00e9cise, ce qui permet d&#039;\u00e9viter les p\u00e9nalit\u00e9s en cas d&#039;erreur de classification.<\/p><p>Ensuite, les entreprises devraient <strong>v\u00e9rifier la valeur de leurs biens<\/strong> pour s&#039;assurer qu&#039;ils r\u00e9pondent aux exigences d&#039;\u00e9valuation douani\u00e8re. Une \u00e9valuation pr\u00e9cise permet d&#039;\u00e9viter les amendes et les retards lors du d\u00e9douanement.<\/p><p>La troisi\u00e8me \u00e9tape consiste <strong>v\u00e9rifier la documentation d&#039;origine<\/strong>Une documentation appropri\u00e9e garantit que les marchandises sont \u00e9ligibles aux tarifs pr\u00e9f\u00e9rentiels pr\u00e9vus par les accords commerciaux, ce qui peut r\u00e9duire les co\u00fbts.<\/p><p>Une fois la documentation en ordre, les entreprises doivent <strong>obtenir toutes les licences et permis n\u00e9cessaires<\/strong>Cette \u00e9tape est particuli\u00e8rement importante pour les marchandises soumises \u00e0 des restrictions qui n\u00e9cessitent une autorisation sp\u00e9ciale pour l\u2019importation ou l\u2019exportation.<\/p><p>La soumission pr\u00e9cise et ponctuelle des documents douaniers est essentielle. Les entreprises doivent <strong>pr\u00e9parer et soumettre des d\u00e9clarations douani\u00e8res pr\u00e9cises<\/strong> qui incluent tous les documents requis. Les erreurs dans les documents peuvent entra\u00eener un retard de traitement ou des p\u00e9nalit\u00e9s.<\/p>\t\t\t\t\t\t\t\t<\/div>\n\t\t\t\t<\/div>\n\t\t\t\t<\/div>\n\t\t\t\t<\/div>\n\t\t\t\t\t<\/div>\n\t\t\t\t<\/div>\n\t\t<div class=\"elementor-element elementor-element-3140651b e-flex e-con-boxed e-con e-parent\" data-id=\"3140651b\" data-element_type=\"container\" data-e-type=\"container\" data-settings=\"{&quot;background_background&quot;:&quot;classic&quot;}\">\n\t\t\t\t\t<div class=\"e-con-inner\">\n\t\t<div class=\"elementor-element elementor-element-28b5d951 e-con-full e-flex e-con e-child\" data-id=\"28b5d951\" data-element_type=\"container\" data-e-type=\"container\">\n\t\t<div class=\"elementor-element elementor-element-45ef1905 e-con-full e-flex e-con e-child\" data-id=\"45ef1905\" data-element_type=\"container\" data-e-type=\"container\">\n\t\t<div class=\"elementor-element elementor-element-61ce78a3 e-con-full e-flex e-con e-child\" data-id=\"61ce78a3\" data-element_type=\"container\" data-e-type=\"container\">\n\t\t\t\t<div class=\"elementor-element elementor-element-7a9b86ef elementor-widget elementor-widget-text-editor\" data-id=\"7a9b86ef\" data-element_type=\"widget\" data-e-type=\"widget\" data-widget_type=\"text-editor.default\">\n\t\t\t\t<div class=\"elementor-widget-container\">\n\t\t\t\t\t\t\t\t\t<p>De plus, il est important de <strong>assurer le paiement ponctuel des droits, taxes et redevances<\/strong> pour \u00e9viter les retards de d\u00e9douanement. Le non-paiement ou le retard de paiement peut entra\u00eener la retenue des marchandises \u00e0 la douane.<\/p><p>Pour rationaliser davantage le processus, les entreprises doivent <strong>surveiller le respect des r\u00e9glementations locales<\/strong>S\u2019assurer que les marchandises r\u00e9pondent \u00e0 toutes les normes de sant\u00e9, de s\u00e9curit\u00e9 et d\u2019environnement pertinentes permet d\u2019\u00e9viter des probl\u00e8mes inattendus lors du d\u00e9douanement.<\/p><p>Enfin, les entreprises devraient <strong>mettre en \u0153uvre des mesures de s\u00e9curit\u00e9 robustes<\/strong> pour se pr\u00e9munir contre des activit\u00e9s ill\u00e9gales telles que la contrebande ou la fraude. Une gestion efficace des risques contribue \u00e0 garantir un traitement douanier fluide et prot\u00e8ge l&#039;entreprise contre les complications juridiques.<\/p><p>En abordant ces questions et en suivant les \u00e9tapes d\u00e9crites, les entreprises peuvent rationaliser leurs processus douaniers, \u00e9viter des erreurs co\u00fbteuses et maintenir le bon d\u00e9roulement des op\u00e9rations commerciales internationales.<\/p>\t\t\t\t\t\t\t\t<\/div>\n\t\t\t\t<\/div>\n\t\t\t\t<\/div>\n\t\t\t\t<\/div>\n\t\t\t\t<\/div>\n\t\t\t\t\t<\/div>\n\t\t\t\t<\/div>\n\t\t\t\t<\/div>","protected":false},"excerpt":{"rendered":"<p>Customs compliance is a vital part of international trade. It ensures that businesses adhere to all regulatory requirements when importing or exporting goods. Failure to comply can lead to significant penalties, delays, or even legal complications. Below, we examine the primary issues in customs compliance and provide practical steps to manage them effectively. Key Issues [&hellip;]<\/p>\n","protected":false},"author":1,"featured_media":0,"parent":0,"menu_order":0,"comment_status":"closed","ping_status":"closed","template":"","meta":{"_acf_changed":false,"footnotes":""},"class_list":["post-1581","page","type-page","status-publish","hentry"],"acf":[],"yoast_head":"<!-- This site is optimized with the Yoast SEO plugin v27.3 - https:\/\/yoast.com\/product\/yoast-seo-wordpress\/ -->\n<title>Customs Compliance Services - Groupe Transit<\/title>\n<meta name=\"robots\" content=\"index, follow, max-snippet:-1, max-image-preview:large, max-video-preview:-1\" \/>\n<link rel=\"canonical\" href=\"https:\/\/groupetransit.com\/fr\/services-de-conformite-douaniere\/\" \/>\n<meta property=\"og:locale\" content=\"fr_CA\" \/>\n<meta property=\"og:type\" content=\"article\" \/>\n<meta property=\"og:title\" content=\"Customs Compliance Services - Groupe Transit\" \/>\n<meta property=\"og:description\" content=\"Customs compliance is a vital part of international trade. It ensures that businesses adhere to all regulatory requirements when importing or exporting goods. Failure to comply can lead to significant penalties, delays, or even legal complications. Below, we examine the primary issues in customs compliance and provide practical steps to manage them effectively. Key Issues [&hellip;]\" \/>\n<meta property=\"og:url\" content=\"https:\/\/groupetransit.com\/fr\/services-de-conformite-douaniere\/\" \/>\n<meta property=\"og:site_name\" content=\"Groupe Transit\" \/>\n<meta property=\"article:publisher\" content=\"https:\/\/www.facebook.com\/groupetransit\/\" \/>\n<meta property=\"article:modified_time\" content=\"2024-10-07T14:49:37+00:00\" \/>\n<meta property=\"og:image\" content=\"https:\/\/groupetransit.com\/wp-content\/uploads\/2024\/10\/compliance.jpg\" \/>\n<meta name=\"twitter:card\" content=\"summary_large_image\" \/>\n<meta name=\"twitter:label1\" content=\"Estimation du temps de lecture\" \/>\n\t<meta name=\"twitter:data1\" content=\"3 minutes\" \/>\n<script type=\"application\/ld+json\" class=\"yoast-schema-graph\">{\"@context\":\"https:\\\/\\\/schema.org\",\"@graph\":[{\"@type\":\"WebPage\",\"@id\":\"https:\\\/\\\/groupetransit.com\\\/customs-compliance-services\\\/\",\"url\":\"https:\\\/\\\/groupetransit.com\\\/customs-compliance-services\\\/\",\"name\":\"Customs Compliance Services - Groupe Transit\",\"isPartOf\":{\"@id\":\"https:\\\/\\\/groupetransit.com\\\/#website\"},\"primaryImageOfPage\":{\"@id\":\"https:\\\/\\\/groupetransit.com\\\/customs-compliance-services\\\/#primaryimage\"},\"image\":{\"@id\":\"https:\\\/\\\/groupetransit.com\\\/customs-compliance-services\\\/#primaryimage\"},\"thumbnailUrl\":\"https:\\\/\\\/groupetransit.com\\\/wp-content\\\/uploads\\\/2024\\\/10\\\/compliance.jpg\",\"datePublished\":\"2024-09-30T18:46:08+00:00\",\"dateModified\":\"2024-10-07T14:49:37+00:00\",\"breadcrumb\":{\"@id\":\"https:\\\/\\\/groupetransit.com\\\/customs-compliance-services\\\/#breadcrumb\"},\"inLanguage\":\"fr-CA\",\"potentialAction\":[{\"@type\":\"ReadAction\",\"target\":[\"https:\\\/\\\/groupetransit.com\\\/customs-compliance-services\\\/\"]}]},{\"@type\":\"ImageObject\",\"inLanguage\":\"fr-CA\",\"@id\":\"https:\\\/\\\/groupetransit.com\\\/customs-compliance-services\\\/#primaryimage\",\"url\":\"https:\\\/\\\/groupetransit.com\\\/wp-content\\\/uploads\\\/2024\\\/10\\\/compliance.jpg\",\"contentUrl\":\"https:\\\/\\\/groupetransit.com\\\/wp-content\\\/uploads\\\/2024\\\/10\\\/compliance.jpg\"},{\"@type\":\"BreadcrumbList\",\"@id\":\"https:\\\/\\\/groupetransit.com\\\/customs-compliance-services\\\/#breadcrumb\",\"itemListElement\":[{\"@type\":\"ListItem\",\"position\":1,\"name\":\"Home\",\"item\":\"https:\\\/\\\/groupetransit.com\\\/\"},{\"@type\":\"ListItem\",\"position\":2,\"name\":\"Customs Compliance Services\"}]},{\"@type\":\"WebSite\",\"@id\":\"https:\\\/\\\/groupetransit.com\\\/#website\",\"url\":\"https:\\\/\\\/groupetransit.com\\\/\",\"name\":\"Groupe Transit\",\"description\":\"Transport Services\",\"publisher\":{\"@id\":\"https:\\\/\\\/groupetransit.com\\\/#organization\"},\"potentialAction\":[{\"@type\":\"SearchAction\",\"target\":{\"@type\":\"EntryPoint\",\"urlTemplate\":\"https:\\\/\\\/groupetransit.com\\\/?s={search_term_string}\"},\"query-input\":{\"@type\":\"PropertyValueSpecification\",\"valueRequired\":true,\"valueName\":\"search_term_string\"}}],\"inLanguage\":\"fr-CA\"},{\"@type\":\"Organization\",\"@id\":\"https:\\\/\\\/groupetransit.com\\\/#organization\",\"name\":\"Groupe Transit\",\"url\":\"https:\\\/\\\/groupetransit.com\\\/\",\"logo\":{\"@type\":\"ImageObject\",\"inLanguage\":\"fr-CA\",\"@id\":\"https:\\\/\\\/groupetransit.com\\\/#\\\/schema\\\/logo\\\/image\\\/\",\"url\":\"https:\\\/\\\/groupetransit.com\\\/wp-content\\\/uploads\\\/2024\\\/07\\\/Logo-1.png\",\"contentUrl\":\"https:\\\/\\\/groupetransit.com\\\/wp-content\\\/uploads\\\/2024\\\/07\\\/Logo-1.png\",\"width\":162,\"height\":57,\"caption\":\"Groupe Transit\"},\"image\":{\"@id\":\"https:\\\/\\\/groupetransit.com\\\/#\\\/schema\\\/logo\\\/image\\\/\"},\"sameAs\":[\"https:\\\/\\\/www.facebook.com\\\/groupetransit\\\/\",\"https:\\\/\\\/ca.linkedin.com\\\/company\\\/groupe-transit\",\"https:\\\/\\\/www.youtube.com\\\/channel\\\/UCIhizN865L6EI2clCScF7dA\"]}]}<\/script>\n<!-- \/ Yoast SEO plugin. -->","yoast_head_json":{"title":"Services de conformit\u00e9 douani\u00e8re - Groupe Transit","robots":{"index":"index","follow":"follow","max-snippet":"max-snippet:-1","max-image-preview":"max-image-preview:large","max-video-preview":"max-video-preview:-1"},"canonical":"https:\/\/groupetransit.com\/fr\/services-de-conformite-douaniere\/","og_locale":"fr_CA","og_type":"article","og_title":"Customs Compliance Services - Groupe Transit","og_description":"Customs compliance is a vital part of international trade. It ensures that businesses adhere to all regulatory requirements when importing or exporting goods. Failure to comply can lead to significant penalties, delays, or even legal complications. Below, we examine the primary issues in customs compliance and provide practical steps to manage them effectively. Key Issues [&hellip;]","og_url":"https:\/\/groupetransit.com\/fr\/services-de-conformite-douaniere\/","og_site_name":"Groupe Transit","article_publisher":"https:\/\/www.facebook.com\/groupetransit\/","article_modified_time":"2024-10-07T14:49:37+00:00","og_image":[{"url":"https:\/\/groupetransit.com\/wp-content\/uploads\/2024\/10\/compliance.jpg","type":"","width":"","height":""}],"twitter_card":"summary_large_image","twitter_misc":{"Estimation du temps de lecture":"3 minutes"},"schema":{"@context":"https:\/\/schema.org","@graph":[{"@type":"WebPage","@id":"https:\/\/groupetransit.com\/customs-compliance-services\/","url":"https:\/\/groupetransit.com\/customs-compliance-services\/","name":"Services de conformit\u00e9 douani\u00e8re - Groupe Transit","isPartOf":{"@id":"https:\/\/groupetransit.com\/#website"},"primaryImageOfPage":{"@id":"https:\/\/groupetransit.com\/customs-compliance-services\/#primaryimage"},"image":{"@id":"https:\/\/groupetransit.com\/customs-compliance-services\/#primaryimage"},"thumbnailUrl":"https:\/\/groupetransit.com\/wp-content\/uploads\/2024\/10\/compliance.jpg","datePublished":"2024-09-30T18:46:08+00:00","dateModified":"2024-10-07T14:49:37+00:00","breadcrumb":{"@id":"https:\/\/groupetransit.com\/customs-compliance-services\/#breadcrumb"},"inLanguage":"fr-CA","potentialAction":[{"@type":"ReadAction","target":["https:\/\/groupetransit.com\/customs-compliance-services\/"]}]},{"@type":"ImageObject","inLanguage":"fr-CA","@id":"https:\/\/groupetransit.com\/customs-compliance-services\/#primaryimage","url":"https:\/\/groupetransit.com\/wp-content\/uploads\/2024\/10\/compliance.jpg","contentUrl":"https:\/\/groupetransit.com\/wp-content\/uploads\/2024\/10\/compliance.jpg"},{"@type":"BreadcrumbList","@id":"https:\/\/groupetransit.com\/customs-compliance-services\/#breadcrumb","itemListElement":[{"@type":"ListItem","position":1,"name":"Home","item":"https:\/\/groupetransit.com\/"},{"@type":"ListItem","position":2,"name":"Customs Compliance Services"}]},{"@type":"WebSite","@id":"https:\/\/groupetransit.com\/#website","url":"https:\/\/groupetransit.com\/","name":"Groupe Transit","description":"Services de transport","publisher":{"@id":"https:\/\/groupetransit.com\/#organization"},"potentialAction":[{"@type":"SearchAction","target":{"@type":"EntryPoint","urlTemplate":"https:\/\/groupetransit.com\/?s={search_term_string}"},"query-input":{"@type":"PropertyValueSpecification","valueRequired":true,"valueName":"search_term_string"}}],"inLanguage":"fr-CA"},{"@type":"Organization","@id":"https:\/\/groupetransit.com\/#organization","name":"Groupe Transit","url":"https:\/\/groupetransit.com\/","logo":{"@type":"ImageObject","inLanguage":"fr-CA","@id":"https:\/\/groupetransit.com\/#\/schema\/logo\/image\/","url":"https:\/\/groupetransit.com\/wp-content\/uploads\/2024\/07\/Logo-1.png","contentUrl":"https:\/\/groupetransit.com\/wp-content\/uploads\/2024\/07\/Logo-1.png","width":162,"height":57,"caption":"Groupe Transit"},"image":{"@id":"https:\/\/groupetransit.com\/#\/schema\/logo\/image\/"},"sameAs":["https:\/\/www.facebook.com\/groupetransit\/","https:\/\/ca.linkedin.com\/company\/groupe-transit","https:\/\/www.youtube.com\/channel\/UCIhizN865L6EI2clCScF7dA"]}]}},"_links":{"self":[{"href":"https:\/\/groupetransit.com\/fr\/wp-json\/wp\/v2\/pages\/1581","targetHints":{"allow":["GET"]}}],"collection":[{"href":"https:\/\/groupetransit.com\/fr\/wp-json\/wp\/v2\/pages"}],"about":[{"href":"https:\/\/groupetransit.com\/fr\/wp-json\/wp\/v2\/types\/page"}],"author":[{"embeddable":true,"href":"https:\/\/groupetransit.com\/fr\/wp-json\/wp\/v2\/users\/1"}],"replies":[{"embeddable":true,"href":"https:\/\/groupetransit.com\/fr\/wp-json\/wp\/v2\/comments?post=1581"}],"version-history":[{"count":16,"href":"https:\/\/groupetransit.com\/fr\/wp-json\/wp\/v2\/pages\/1581\/revisions"}],"predecessor-version":[{"id":2236,"href":"https:\/\/groupetransit.com\/fr\/wp-json\/wp\/v2\/pages\/1581\/revisions\/2236"}],"wp:attachment":[{"href":"https:\/\/groupetransit.com\/fr\/wp-json\/wp\/v2\/media?parent=1581"}],"curies":[{"name":"wp","href":"https:\/\/api.w.org\/{rel}","templated":true}]}}