{"id":32,"date":"2024-07-09T10:42:16","date_gmt":"2024-07-09T10:42:16","guid":{"rendered":"https:\/\/groupetransit.com\/?page_id=32"},"modified":"2024-07-22T10:32:32","modified_gmt":"2024-07-22T10:32:32","slug":"herramientas","status":"publish","type":"page","link":"https:\/\/groupetransit.com\/es\/tools\/","title":{"rendered":"Herramientas"},"content":{"rendered":"<div data-elementor-type=\"wp-page\" data-elementor-id=\"32\" class=\"elementor elementor-32\" data-elementor-post-type=\"page\">\n\t\t\t\t<div class=\"elementor-element elementor-element-b271351 e-con-full e-flex e-con e-parent\" data-id=\"b271351\" data-element_type=\"container\" data-e-type=\"container\">\n\t\t<div class=\"elementor-element elementor-element-b4ff678 e-flex e-con-boxed e-con e-child\" data-id=\"b4ff678\" data-element_type=\"container\" data-e-type=\"container\">\n\t\t\t\t\t<div class=\"e-con-inner\">\n\t\t\t\t<div class=\"elementor-element elementor-element-c73c434 elementor-widget elementor-widget-heading\" data-id=\"c73c434\" data-element_type=\"widget\" data-e-type=\"widget\" data-widget_type=\"heading.default\">\n\t\t\t\t<div class=\"elementor-widget-container\">\n\t\t\t\t\t<h1 class=\"elementor-heading-title elementor-size-default\">Herramientas<\/h1>\t\t\t\t<\/div>\n\t\t\t\t<\/div>\n\t\t\t\t\t<\/div>\n\t\t\t\t<\/div>\n\t\t<div class=\"elementor-element elementor-element-9946075 e-flex e-con-boxed e-con e-child\" data-id=\"9946075\" data-element_type=\"container\" data-e-type=\"container\">\n\t\t\t\t\t<div class=\"e-con-inner\">\n\t\t\t\t<div class=\"elementor-element elementor-element-5df0907 elementor-widget elementor-widget-shortcode\" data-id=\"5df0907\" data-element_type=\"widget\" data-e-type=\"widget\" data-widget_type=\"shortcode.default\">\n\t\t\t\t<div class=\"elementor-widget-container\">\n\t\t\t\t\t\t\t<div class=\"elementor-shortcode\">        <div class=\"tools_feed\">\r\n            <div class=\"tools_item\">\r\n    <div class=\"title_content\">\r\n                    <figure class=\"tools-thumbnail\">\r\n                <img decoding=\"async\" width=\"58\" height=\"60\" src=\"https:\/\/groupetransit.com\/wp-content\/uploads\/2024\/07\/Icon.png\" class=\"attachment-post-thumbnail size-post-thumbnail wp-post-image\" alt=\"\" \/>            <\/figure>\r\n                <h3 class='post_title'>Hoja de etiquetado<\/h3> \r\n        <p>Conocido por su eficacia log\u00edstica en sus exportaciones, GROUPE TRANSIT le ofrece su servicio &#039;Etiquetado&#039; que incluye la revisi\u00f3n completa de etiquetas y fichas nutricionales.<\/p>\n    \r\n    <\/div>   \r\n    <div class=\"file_btn\">\r\n                <a id=\"popup_form\" class=\"307\" data-id=\"\" href=\"#\">descargar<\/a>\r\n    <\/div>\r\n<\/div>\r\n\r\n<div class=\"tools_item\">\r\n    <div class=\"title_content\">\r\n                    <figure class=\"tools-thumbnail\">\r\n                <img decoding=\"async\" width=\"58\" height=\"60\" src=\"https:\/\/groupetransit.com\/wp-content\/uploads\/2024\/07\/Icon.png\" class=\"attachment-post-thumbnail size-post-thumbnail wp-post-image\" alt=\"\" \/>            <\/figure>\r\n                <h3 class='post_title'>Ficha de centros log\u00edsticos<\/h3> \r\n        <p>Con su amplia red de almacenes log\u00edsticos (HUBS), GROUPE TRANSIT ofrece la oportunidad de acercarse a sus clientes como si fueran sus vecinos.<\/p>\n    \r\n    <\/div>   \r\n    <div class=\"file_btn\">\r\n                <a id=\"popup_form\" class=\"310\" data-id=\"\" href=\"#\">descargar<\/a>\r\n    <\/div>\r\n<\/div>\r\n\r\n<div class=\"tools_item\">\r\n    <div class=\"title_content\">\r\n                    <figure class=\"tools-thumbnail\">\r\n                <img decoding=\"async\" width=\"58\" height=\"60\" src=\"https:\/\/groupetransit.com\/wp-content\/uploads\/2024\/07\/Icon.png\" class=\"attachment-post-thumbnail size-post-thumbnail wp-post-image\" alt=\"\" \/>            <\/figure>\r\n                <h3 class='post_title'>Agente de transporte<\/h3> \r\n        <p>GROUPE TRANSIT le ofrece su servicio &#039;Transitario Internacional&#039;, que le acompa\u00f1a en sus env\u00edos internacionales por mar, aire, carretera y ferrocarril.<\/p>\n    \r\n    <\/div>   \r\n    <div class=\"file_btn\">\r\n                <a id=\"popup_form\" class=\"311\" data-id=\"\" href=\"#\">descargar<\/a>\r\n    <\/div>\r\n<\/div>\r\n\r\n<div class=\"tools_item\">\r\n    <div class=\"title_content\">\r\n                    <figure class=\"tools-thumbnail\">\r\n                <img decoding=\"async\" width=\"58\" height=\"60\" src=\"https:\/\/groupetransit.com\/wp-content\/uploads\/2024\/07\/Icon.png\" class=\"attachment-post-thumbnail size-post-thumbnail wp-post-image\" alt=\"\" \/>            <\/figure>\r\n                <h3 class='post_title'>Hoja de FSVP<\/h3> \r\n        <p>GROUPE TRANSIT y su socio americano VMS, pueden representar a su empresa como primer punto de contacto de la FDA para cualquier pregunta sobre sus programas de seguridad alimentaria, certificaciones internacionales y auditor\u00edas anuales.<\/p>\n    \r\n    <\/div>   \r\n    <div class=\"file_btn\">\r\n                <a id=\"popup_form\" class=\"312\" data-id=\"\" href=\"#\">descargar<\/a>\r\n    <\/div>\r\n<\/div>\r\n\r\n<div class=\"tools_item\">\r\n    <div class=\"title_content\">\r\n                    <figure class=\"tools-thumbnail\">\r\n                <img decoding=\"async\" width=\"58\" height=\"60\" src=\"https:\/\/groupetransit.com\/wp-content\/uploads\/2024\/07\/Icon.png\" class=\"attachment-post-thumbnail size-post-thumbnail wp-post-image\" alt=\"\" \/>            <\/figure>\r\n                <h3 class='post_title'>Seguro de carga<\/h3> \r\n        <p>Un env\u00edo que no est\u00e9 cubierto por un seguro adicional puede ocasionar una p\u00e9rdida importante o incluso poner en riesgo su negocio. Con nuestra cobertura TransitGO, trabaje con tranquilidad y conc\u00e9ntrese en lo que mejor sabe hacer.<\/p>\n    \r\n    <\/div>   \r\n    <div class=\"file_btn\">\r\n                <a id=\"popup_form\" class=\"313\" data-id=\"\" href=\"#\">descargar<\/a>\r\n    <\/div>\r\n<\/div>\r\n\r\n        <\/div>\r\n    <\/div>\n\t\t\t\t\t\t<\/div>\n\t\t\t\t<\/div>\n\t\t\t\t\t<\/div>\n\t\t\t\t<\/div>\n\t\t\t\t<\/div>\n\t\t\t\t<\/div>","protected":false},"excerpt":{"rendered":"<p>Herramientas<\/p>","protected":false},"author":1,"featured_media":0,"parent":0,"menu_order":0,"comment_status":"closed","ping_status":"closed","template":"","meta":{"_acf_changed":false,"footnotes":""},"class_list":["post-32","page","type-page","status-publish","hentry"],"acf":[],"yoast_head":"<!-- This site is optimized with the Yoast SEO plugin v27.3 - https:\/\/yoast.com\/product\/yoast-seo-wordpress\/ -->\n<title>Tools - Groupe Transit<\/title>\n<meta name=\"robots\" content=\"index, follow, max-snippet:-1, max-image-preview:large, max-video-preview:-1\" \/>\n<link rel=\"canonical\" href=\"https:\/\/groupetransit.com\/es\/herramientas\/\" \/>\n<meta property=\"og:locale\" content=\"es_ES\" \/>\n<meta property=\"og:type\" content=\"article\" \/>\n<meta property=\"og:title\" content=\"Tools - Groupe Transit\" \/>\n<meta property=\"og:description\" content=\"Tools\" \/>\n<meta property=\"og:url\" content=\"https:\/\/groupetransit.com\/es\/herramientas\/\" \/>\n<meta property=\"og:site_name\" content=\"Groupe Transit\" \/>\n<meta property=\"article:publisher\" content=\"https:\/\/www.facebook.com\/groupetransit\/\" \/>\n<meta property=\"article:modified_time\" content=\"2024-07-22T10:32:32+00:00\" \/>\n<meta name=\"twitter:card\" content=\"summary_large_image\" \/>\n<script type=\"application\/ld+json\" class=\"yoast-schema-graph\">{\"@context\":\"https:\\\/\\\/schema.org\",\"@graph\":[{\"@type\":\"WebPage\",\"@id\":\"https:\\\/\\\/groupetransit.com\\\/tools\\\/\",\"url\":\"https:\\\/\\\/groupetransit.com\\\/tools\\\/\",\"name\":\"Tools - Groupe Transit\",\"isPartOf\":{\"@id\":\"https:\\\/\\\/groupetransit.com\\\/#website\"},\"datePublished\":\"2024-07-09T10:42:16+00:00\",\"dateModified\":\"2024-07-22T10:32:32+00:00\",\"breadcrumb\":{\"@id\":\"https:\\\/\\\/groupetransit.com\\\/tools\\\/#breadcrumb\"},\"inLanguage\":\"es\",\"potentialAction\":[{\"@type\":\"ReadAction\",\"target\":[\"https:\\\/\\\/groupetransit.com\\\/tools\\\/\"]}]},{\"@type\":\"BreadcrumbList\",\"@id\":\"https:\\\/\\\/groupetransit.com\\\/tools\\\/#breadcrumb\",\"itemListElement\":[{\"@type\":\"ListItem\",\"position\":1,\"name\":\"Home\",\"item\":\"https:\\\/\\\/groupetransit.com\\\/\"},{\"@type\":\"ListItem\",\"position\":2,\"name\":\"Tools\"}]},{\"@type\":\"WebSite\",\"@id\":\"https:\\\/\\\/groupetransit.com\\\/#website\",\"url\":\"https:\\\/\\\/groupetransit.com\\\/\",\"name\":\"Groupe Transit\",\"description\":\"Transport Services\",\"publisher\":{\"@id\":\"https:\\\/\\\/groupetransit.com\\\/#organization\"},\"potentialAction\":[{\"@type\":\"SearchAction\",\"target\":{\"@type\":\"EntryPoint\",\"urlTemplate\":\"https:\\\/\\\/groupetransit.com\\\/?s={search_term_string}\"},\"query-input\":{\"@type\":\"PropertyValueSpecification\",\"valueRequired\":true,\"valueName\":\"search_term_string\"}}],\"inLanguage\":\"es\"},{\"@type\":\"Organization\",\"@id\":\"https:\\\/\\\/groupetransit.com\\\/#organization\",\"name\":\"Groupe Transit\",\"url\":\"https:\\\/\\\/groupetransit.com\\\/\",\"logo\":{\"@type\":\"ImageObject\",\"inLanguage\":\"es\",\"@id\":\"https:\\\/\\\/groupetransit.com\\\/#\\\/schema\\\/logo\\\/image\\\/\",\"url\":\"https:\\\/\\\/groupetransit.com\\\/wp-content\\\/uploads\\\/2024\\\/07\\\/Logo-1.png\",\"contentUrl\":\"https:\\\/\\\/groupetransit.com\\\/wp-content\\\/uploads\\\/2024\\\/07\\\/Logo-1.png\",\"width\":162,\"height\":57,\"caption\":\"Groupe Transit\"},\"image\":{\"@id\":\"https:\\\/\\\/groupetransit.com\\\/#\\\/schema\\\/logo\\\/image\\\/\"},\"sameAs\":[\"https:\\\/\\\/www.facebook.com\\\/groupetransit\\\/\",\"https:\\\/\\\/ca.linkedin.com\\\/company\\\/groupe-transit\",\"https:\\\/\\\/www.youtube.com\\\/channel\\\/UCIhizN865L6EI2clCScF7dA\"]}]}<\/script>\n<!-- \/ Yoast SEO plugin. -->","yoast_head_json":{"title":"Herramientas - Grupo Transit","robots":{"index":"index","follow":"follow","max-snippet":"max-snippet:-1","max-image-preview":"max-image-preview:large","max-video-preview":"max-video-preview:-1"},"canonical":"https:\/\/groupetransit.com\/es\/herramientas\/","og_locale":"es_ES","og_type":"article","og_title":"Tools - Groupe Transit","og_description":"Tools","og_url":"https:\/\/groupetransit.com\/es\/herramientas\/","og_site_name":"Groupe Transit","article_publisher":"https:\/\/www.facebook.com\/groupetransit\/","article_modified_time":"2024-07-22T10:32:32+00:00","twitter_card":"summary_large_image","schema":{"@context":"https:\/\/schema.org","@graph":[{"@type":"WebPage","@id":"https:\/\/groupetransit.com\/tools\/","url":"https:\/\/groupetransit.com\/tools\/","name":"Herramientas - Grupo Transit","isPartOf":{"@id":"https:\/\/groupetransit.com\/#website"},"datePublished":"2024-07-09T10:42:16+00:00","dateModified":"2024-07-22T10:32:32+00:00","breadcrumb":{"@id":"https:\/\/groupetransit.com\/tools\/#breadcrumb"},"inLanguage":"es","potentialAction":[{"@type":"ReadAction","target":["https:\/\/groupetransit.com\/tools\/"]}]},{"@type":"BreadcrumbList","@id":"https:\/\/groupetransit.com\/tools\/#breadcrumb","itemListElement":[{"@type":"ListItem","position":1,"name":"Home","item":"https:\/\/groupetransit.com\/"},{"@type":"ListItem","position":2,"name":"Tools"}]},{"@type":"WebSite","@id":"https:\/\/groupetransit.com\/#website","url":"https:\/\/groupetransit.com\/","name":"Grupo Transit","description":"Servicios de transporte","publisher":{"@id":"https:\/\/groupetransit.com\/#organization"},"potentialAction":[{"@type":"SearchAction","target":{"@type":"EntryPoint","urlTemplate":"https:\/\/groupetransit.com\/?s={search_term_string}"},"query-input":{"@type":"PropertyValueSpecification","valueRequired":true,"valueName":"search_term_string"}}],"inLanguage":"es"},{"@type":"Organization","@id":"https:\/\/groupetransit.com\/#organization","name":"Grupo Transit","url":"https:\/\/groupetransit.com\/","logo":{"@type":"ImageObject","inLanguage":"es","@id":"https:\/\/groupetransit.com\/#\/schema\/logo\/image\/","url":"https:\/\/groupetransit.com\/wp-content\/uploads\/2024\/07\/Logo-1.png","contentUrl":"https:\/\/groupetransit.com\/wp-content\/uploads\/2024\/07\/Logo-1.png","width":162,"height":57,"caption":"Groupe Transit"},"image":{"@id":"https:\/\/groupetransit.com\/#\/schema\/logo\/image\/"},"sameAs":["https:\/\/www.facebook.com\/groupetransit\/","https:\/\/ca.linkedin.com\/company\/groupe-transit","https:\/\/www.youtube.com\/channel\/UCIhizN865L6EI2clCScF7dA"]}]}},"_links":{"self":[{"href":"https:\/\/groupetransit.com\/es\/wp-json\/wp\/v2\/pages\/32","targetHints":{"allow":["GET"]}}],"collection":[{"href":"https:\/\/groupetransit.com\/es\/wp-json\/wp\/v2\/pages"}],"about":[{"href":"https:\/\/groupetransit.com\/es\/wp-json\/wp\/v2\/types\/page"}],"author":[{"embeddable":true,"href":"https:\/\/groupetransit.com\/es\/wp-json\/wp\/v2\/users\/1"}],"replies":[{"embeddable":true,"href":"https:\/\/groupetransit.com\/es\/wp-json\/wp\/v2\/comments?post=32"}],"version-history":[{"count":11,"href":"https:\/\/groupetransit.com\/es\/wp-json\/wp\/v2\/pages\/32\/revisions"}],"predecessor-version":[{"id":2545,"href":"https:\/\/groupetransit.com\/es\/wp-json\/wp\/v2\/pages\/32\/revisions\/2545"}],"wp:attachment":[{"href":"https:\/\/groupetransit.com\/es\/wp-json\/wp\/v2\/media?parent=32"}],"curies":[{"name":"wp","href":"https:\/\/api.w.org\/{rel}","templated":true}]}}