{"id":30,"date":"2024-07-09T10:41:45","date_gmt":"2024-07-09T10:41:45","guid":{"rendered":"https:\/\/groupetransit.com\/?page_id=30"},"modified":"2024-09-30T20:43:38","modified_gmt":"2024-09-30T20:43:38","slug":"fda-fsvp","status":"publish","type":"page","link":"https:\/\/groupetransit.com\/es\/fda-fsvp\/","title":{"rendered":"Programas de ayuda \/ Beneficios"},"content":{"rendered":"<div data-elementor-type=\"wp-page\" data-elementor-id=\"30\" class=\"elementor elementor-30\" data-elementor-post-type=\"page\">\n\t\t\t\t<div class=\"elementor-element elementor-element-3084961 e-con-full e-flex e-con e-parent\" data-id=\"3084961\" data-element_type=\"container\" data-e-type=\"container\">\n\t\t<div class=\"elementor-element elementor-element-4cb4c03 e-flex e-con-boxed e-con e-child\" data-id=\"4cb4c03\" data-element_type=\"container\" data-e-type=\"container\">\n\t\t\t\t\t<div class=\"e-con-inner\">\n\t\t\t\t<div class=\"elementor-element elementor-element-3a42a46 elementor-widget elementor-widget-heading\" data-id=\"3a42a46\" data-element_type=\"widget\" data-e-type=\"widget\" data-widget_type=\"heading.default\">\n\t\t\t\t<div class=\"elementor-widget-container\">\n\t\t\t\t\t<h1 class=\"elementor-heading-title elementor-size-default\">Programas de ayuda \/ Beneficios\n<\/h1>\t\t\t\t<\/div>\n\t\t\t\t<\/div>\n\t\t\t\t\t<\/div>\n\t\t\t\t<\/div>\n\t\t<div class=\"elementor-element elementor-element-61e3143 e-flex e-con-boxed e-con e-child\" data-id=\"61e3143\" data-element_type=\"container\" data-e-type=\"container\">\n\t\t\t\t\t<div class=\"e-con-inner\">\n\t\t\t\t<div class=\"elementor-element elementor-element-9639913 elementor-widget elementor-widget-shortcode\" data-id=\"9639913\" data-element_type=\"widget\" data-e-type=\"widget\" data-widget_type=\"shortcode.default\">\n\t\t\t\t<div class=\"elementor-widget-container\">\n\t\t\t\t\t\t\t<div class=\"elementor-shortcode\">            <div class=\"fda_feed\">\r\n                <div class=\"fda_item\">\r\n    <a  href='https:\/\/groupetransit.com\/es\/fda\/u-s-export-program\/'>\r\n        <div class=\"figure\">\r\n                                <figure class=\"fda-thumbnail\">\r\n                        <img fetchpriority=\"high\" decoding=\"async\" width=\"707\" height=\"491\" src=\"https:\/\/groupetransit.com\/wp-content\/uploads\/2024\/09\/USA.jpg\" class=\"attachment-post-thumbnail size-post-thumbnail wp-post-image\" alt=\"\" srcset=\"https:\/\/groupetransit.com\/wp-content\/uploads\/2024\/09\/USA.jpg 707w, https:\/\/groupetransit.com\/wp-content\/uploads\/2024\/09\/USA-300x208.jpg 300w\" sizes=\"(max-width: 707px) 100vw, 707px\" \/>                    <\/figure>\r\n                        <\/div>\r\n        <div class=\"sub_item\">\r\n            <h3 class='post_title'>Programas de exportaci\u00f3n de EE.UU.<\/h3> \r\n            <span class='post_content'><p>Si es una empresa estadounidense que busca expandirse globalmente, varios programas gubernamentales de exportaci\u00f3n pueden ayudarle a navegar en los mercados internacionales y obtener apoyo financiero.<\/p>\n<\/span>\r\n        <\/div>\r\n    <\/a>\r\n<\/div><div class=\"fda_item\">\r\n    <a  href='https:\/\/groupetransit.com\/es\/fda\/france-certified-billing-program\/'>\r\n        <div class=\"figure\">\r\n                                <figure class=\"fda-thumbnail\">\r\n                        <img decoding=\"async\" width=\"707\" height=\"491\" src=\"https:\/\/groupetransit.com\/wp-content\/uploads\/2024\/09\/France.jpg\" class=\"attachment-post-thumbnail size-post-thumbnail wp-post-image\" alt=\"\" srcset=\"https:\/\/groupetransit.com\/wp-content\/uploads\/2024\/09\/France.jpg 707w, https:\/\/groupetransit.com\/wp-content\/uploads\/2024\/09\/France-300x208.jpg 300w\" sizes=\"(max-width: 707px) 100vw, 707px\" \/>                    <\/figure>\r\n                        <\/div>\r\n        <div class=\"sub_item\">\r\n            <h3 class='post_title'>Programa de facturaci\u00f3n certificada de Francia<\/h3> \r\n            <span class='post_content'><p>El Programa de Facturaci\u00f3n Certificada de Exportaci\u00f3n es una iniciativa clave del gobierno franc\u00e9s destinada a empoderar a las empresas para que expandan sin problemas su presencia en los mercados internacionales.<\/p>\n<\/span>\r\n        <\/div>\r\n    <\/a>\r\n<\/div><div class=\"fda_item\">\r\n    <a  href='https:\/\/groupetransit.com\/es\/fda\/canada-canexport-program\/'>\r\n        <div class=\"figure\">\r\n                                <figure class=\"fda-thumbnail\">\r\n                        <img decoding=\"async\" width=\"707\" height=\"491\" src=\"https:\/\/groupetransit.com\/wp-content\/uploads\/2024\/09\/canada.jpg\" class=\"attachment-post-thumbnail size-post-thumbnail wp-post-image\" alt=\"\" srcset=\"https:\/\/groupetransit.com\/wp-content\/uploads\/2024\/09\/canada.jpg 707w, https:\/\/groupetransit.com\/wp-content\/uploads\/2024\/09\/canada-300x208.jpg 300w\" sizes=\"(max-width: 707px) 100vw, 707px\" \/>                    <\/figure>\r\n                        <\/div>\r\n        <div class=\"sub_item\">\r\n            <h3 class='post_title'>Programa Canad\u00e1 CanExport<\/h3> \r\n            <span class='post_content'><p> El Programa CanExport est\u00e1 dise\u00f1ado para ayudar a las empresas canadienses a liberar su potencial apoyando el crecimiento de las exportaciones y la diversificaci\u00f3n del mercado.<\/p>\n<\/span>\r\n        <\/div>\r\n    <\/a>\r\n<\/div>            <\/div>\r\n        <\/div>\n\t\t\t\t\t\t<\/div>\n\t\t\t\t<\/div>\n\t\t\t\t\t<\/div>\n\t\t\t\t<\/div>\n\t\t\t\t<\/div>\n\t\t\t\t<\/div>","protected":false},"excerpt":{"rendered":"<p>Programas de ayuda \/ Beneficios<\/p>","protected":false},"author":1,"featured_media":0,"parent":0,"menu_order":0,"comment_status":"closed","ping_status":"closed","template":"","meta":{"_acf_changed":false,"footnotes":""},"class_list":["post-30","page","type-page","status-publish","hentry"],"acf":[],"yoast_head":"<!-- This site is optimized with the Yoast SEO plugin v27.3 - https:\/\/yoast.com\/product\/yoast-seo-wordpress\/ -->\n<title>Aid Programs \/ Benefits - Groupe Transit<\/title>\n<meta name=\"robots\" content=\"index, follow, max-snippet:-1, max-image-preview:large, max-video-preview:-1\" \/>\n<link rel=\"canonical\" href=\"https:\/\/groupetransit.com\/es\/fda-fsvp\/\" \/>\n<meta property=\"og:locale\" content=\"es_ES\" \/>\n<meta property=\"og:type\" content=\"article\" \/>\n<meta property=\"og:title\" content=\"Aid Programs \/ Benefits - Groupe Transit\" \/>\n<meta property=\"og:description\" content=\"Aid Programs \/ Benefits\" \/>\n<meta property=\"og:url\" content=\"https:\/\/groupetransit.com\/es\/fda-fsvp\/\" \/>\n<meta property=\"og:site_name\" content=\"Groupe Transit\" \/>\n<meta property=\"article:publisher\" content=\"https:\/\/www.facebook.com\/groupetransit\/\" \/>\n<meta property=\"article:modified_time\" content=\"2024-09-30T20:43:38+00:00\" \/>\n<meta name=\"twitter:card\" content=\"summary_large_image\" \/>\n<script type=\"application\/ld+json\" class=\"yoast-schema-graph\">{\"@context\":\"https:\\\/\\\/schema.org\",\"@graph\":[{\"@type\":\"WebPage\",\"@id\":\"https:\\\/\\\/groupetransit.com\\\/fda-fsvp\\\/\",\"url\":\"https:\\\/\\\/groupetransit.com\\\/fda-fsvp\\\/\",\"name\":\"Aid Programs \\\/ Benefits - Groupe Transit\",\"isPartOf\":{\"@id\":\"https:\\\/\\\/groupetransit.com\\\/#website\"},\"datePublished\":\"2024-07-09T10:41:45+00:00\",\"dateModified\":\"2024-09-30T20:43:38+00:00\",\"breadcrumb\":{\"@id\":\"https:\\\/\\\/groupetransit.com\\\/fda-fsvp\\\/#breadcrumb\"},\"inLanguage\":\"es\",\"potentialAction\":[{\"@type\":\"ReadAction\",\"target\":[\"https:\\\/\\\/groupetransit.com\\\/fda-fsvp\\\/\"]}]},{\"@type\":\"BreadcrumbList\",\"@id\":\"https:\\\/\\\/groupetransit.com\\\/fda-fsvp\\\/#breadcrumb\",\"itemListElement\":[{\"@type\":\"ListItem\",\"position\":1,\"name\":\"Home\",\"item\":\"https:\\\/\\\/groupetransit.com\\\/\"},{\"@type\":\"ListItem\",\"position\":2,\"name\":\"Aid Programs \\\/ Benefits\"}]},{\"@type\":\"WebSite\",\"@id\":\"https:\\\/\\\/groupetransit.com\\\/#website\",\"url\":\"https:\\\/\\\/groupetransit.com\\\/\",\"name\":\"Groupe Transit\",\"description\":\"Transport Services\",\"publisher\":{\"@id\":\"https:\\\/\\\/groupetransit.com\\\/#organization\"},\"potentialAction\":[{\"@type\":\"SearchAction\",\"target\":{\"@type\":\"EntryPoint\",\"urlTemplate\":\"https:\\\/\\\/groupetransit.com\\\/?s={search_term_string}\"},\"query-input\":{\"@type\":\"PropertyValueSpecification\",\"valueRequired\":true,\"valueName\":\"search_term_string\"}}],\"inLanguage\":\"es\"},{\"@type\":\"Organization\",\"@id\":\"https:\\\/\\\/groupetransit.com\\\/#organization\",\"name\":\"Groupe Transit\",\"url\":\"https:\\\/\\\/groupetransit.com\\\/\",\"logo\":{\"@type\":\"ImageObject\",\"inLanguage\":\"es\",\"@id\":\"https:\\\/\\\/groupetransit.com\\\/#\\\/schema\\\/logo\\\/image\\\/\",\"url\":\"https:\\\/\\\/groupetransit.com\\\/wp-content\\\/uploads\\\/2024\\\/07\\\/Logo-1.png\",\"contentUrl\":\"https:\\\/\\\/groupetransit.com\\\/wp-content\\\/uploads\\\/2024\\\/07\\\/Logo-1.png\",\"width\":162,\"height\":57,\"caption\":\"Groupe Transit\"},\"image\":{\"@id\":\"https:\\\/\\\/groupetransit.com\\\/#\\\/schema\\\/logo\\\/image\\\/\"},\"sameAs\":[\"https:\\\/\\\/www.facebook.com\\\/groupetransit\\\/\",\"https:\\\/\\\/ca.linkedin.com\\\/company\\\/groupe-transit\",\"https:\\\/\\\/www.youtube.com\\\/channel\\\/UCIhizN865L6EI2clCScF7dA\"]}]}<\/script>\n<!-- \/ Yoast SEO plugin. -->","yoast_head_json":{"title":"Programas de ayuda \/ Beneficios - Groupe Transit","robots":{"index":"index","follow":"follow","max-snippet":"max-snippet:-1","max-image-preview":"max-image-preview:large","max-video-preview":"max-video-preview:-1"},"canonical":"https:\/\/groupetransit.com\/es\/fda-fsvp\/","og_locale":"es_ES","og_type":"article","og_title":"Aid Programs \/ Benefits - Groupe Transit","og_description":"Aid Programs \/ Benefits","og_url":"https:\/\/groupetransit.com\/es\/fda-fsvp\/","og_site_name":"Groupe Transit","article_publisher":"https:\/\/www.facebook.com\/groupetransit\/","article_modified_time":"2024-09-30T20:43:38+00:00","twitter_card":"summary_large_image","schema":{"@context":"https:\/\/schema.org","@graph":[{"@type":"WebPage","@id":"https:\/\/groupetransit.com\/fda-fsvp\/","url":"https:\/\/groupetransit.com\/fda-fsvp\/","name":"Programas de ayuda \/ Beneficios - Groupe Transit","isPartOf":{"@id":"https:\/\/groupetransit.com\/#website"},"datePublished":"2024-07-09T10:41:45+00:00","dateModified":"2024-09-30T20:43:38+00:00","breadcrumb":{"@id":"https:\/\/groupetransit.com\/fda-fsvp\/#breadcrumb"},"inLanguage":"es","potentialAction":[{"@type":"ReadAction","target":["https:\/\/groupetransit.com\/fda-fsvp\/"]}]},{"@type":"BreadcrumbList","@id":"https:\/\/groupetransit.com\/fda-fsvp\/#breadcrumb","itemListElement":[{"@type":"ListItem","position":1,"name":"Home","item":"https:\/\/groupetransit.com\/"},{"@type":"ListItem","position":2,"name":"Aid Programs \/ Benefits"}]},{"@type":"WebSite","@id":"https:\/\/groupetransit.com\/#website","url":"https:\/\/groupetransit.com\/","name":"Grupo Transit","description":"Servicios de transporte","publisher":{"@id":"https:\/\/groupetransit.com\/#organization"},"potentialAction":[{"@type":"SearchAction","target":{"@type":"EntryPoint","urlTemplate":"https:\/\/groupetransit.com\/?s={search_term_string}"},"query-input":{"@type":"PropertyValueSpecification","valueRequired":true,"valueName":"search_term_string"}}],"inLanguage":"es"},{"@type":"Organization","@id":"https:\/\/groupetransit.com\/#organization","name":"Grupo Transit","url":"https:\/\/groupetransit.com\/","logo":{"@type":"ImageObject","inLanguage":"es","@id":"https:\/\/groupetransit.com\/#\/schema\/logo\/image\/","url":"https:\/\/groupetransit.com\/wp-content\/uploads\/2024\/07\/Logo-1.png","contentUrl":"https:\/\/groupetransit.com\/wp-content\/uploads\/2024\/07\/Logo-1.png","width":162,"height":57,"caption":"Groupe Transit"},"image":{"@id":"https:\/\/groupetransit.com\/#\/schema\/logo\/image\/"},"sameAs":["https:\/\/www.facebook.com\/groupetransit\/","https:\/\/ca.linkedin.com\/company\/groupe-transit","https:\/\/www.youtube.com\/channel\/UCIhizN865L6EI2clCScF7dA"]}]}},"_links":{"self":[{"href":"https:\/\/groupetransit.com\/es\/wp-json\/wp\/v2\/pages\/30","targetHints":{"allow":["GET"]}}],"collection":[{"href":"https:\/\/groupetransit.com\/es\/wp-json\/wp\/v2\/pages"}],"about":[{"href":"https:\/\/groupetransit.com\/es\/wp-json\/wp\/v2\/types\/page"}],"author":[{"embeddable":true,"href":"https:\/\/groupetransit.com\/es\/wp-json\/wp\/v2\/users\/1"}],"replies":[{"embeddable":true,"href":"https:\/\/groupetransit.com\/es\/wp-json\/wp\/v2\/comments?post=30"}],"version-history":[{"count":14,"href":"https:\/\/groupetransit.com\/es\/wp-json\/wp\/v2\/pages\/30\/revisions"}],"predecessor-version":[{"id":1642,"href":"https:\/\/groupetransit.com\/es\/wp-json\/wp\/v2\/pages\/30\/revisions\/1642"}],"wp:attachment":[{"href":"https:\/\/groupetransit.com\/es\/wp-json\/wp\/v2\/media?parent=30"}],"curies":[{"name":"wp","href":"https:\/\/api.w.org\/{rel}","templated":true}]}}