{"id":1583,"date":"2024-09-30T18:46:21","date_gmt":"2024-09-30T18:46:21","guid":{"rendered":"https:\/\/groupetransit.com\/?page_id=1583"},"modified":"2024-10-07T14:53:09","modified_gmt":"2024-10-07T14:53:09","slug":"gestion-aduanera","status":"publish","type":"page","link":"https:\/\/groupetransit.com\/es\/customs-management\/","title":{"rendered":"Gesti\u00f3n Aduanera"},"content":{"rendered":"<div data-elementor-type=\"wp-page\" data-elementor-id=\"1583\" class=\"elementor elementor-1583\" data-elementor-post-type=\"page\">\n\t\t\t\t<div class=\"elementor-element elementor-element-e6ed0da e-flex e-con-boxed e-con e-parent\" data-id=\"e6ed0da\" data-element_type=\"container\" data-e-type=\"container\">\n\t\t\t\t\t<div class=\"e-con-inner\">\n\t\t\t\t<div class=\"elementor-element elementor-element-c8a5c08 elementor-widget elementor-widget-heading\" data-id=\"c8a5c08\" data-element_type=\"widget\" data-e-type=\"widget\" data-widget_type=\"heading.default\">\n\t\t\t\t<div class=\"elementor-widget-container\">\n\t\t\t\t\t<h1 class=\"elementor-heading-title elementor-size-default\">Gesti\u00f3n Aduanera<\/h1>\t\t\t\t<\/div>\n\t\t\t\t<\/div>\n\t\t\t\t\t<\/div>\n\t\t\t\t<\/div>\n\t\t<div class=\"elementor-element elementor-element-c7d712e e-flex e-con-boxed e-con e-parent\" data-id=\"c7d712e\" data-element_type=\"container\" data-e-type=\"container\">\n\t\t\t\t\t<div class=\"e-con-inner\">\n\t\t<div class=\"elementor-element elementor-element-6e0d1c88 e-con-full e-flex e-con e-child\" data-id=\"6e0d1c88\" data-element_type=\"container\" data-e-type=\"container\">\n\t\t<div class=\"elementor-element elementor-element-2a1f450f e-con-full e-flex e-con e-child\" data-id=\"2a1f450f\" data-element_type=\"container\" data-e-type=\"container\">\n\t\t<div class=\"elementor-element elementor-element-4c185105 e-con-full e-flex e-con e-child\" data-id=\"4c185105\" data-element_type=\"container\" data-e-type=\"container\">\n\t\t\t\t<div class=\"elementor-element elementor-element-360410b elementor-widget elementor-widget-heading\" data-id=\"360410b\" data-element_type=\"widget\" data-e-type=\"widget\" data-widget_type=\"heading.default\">\n\t\t\t\t<div class=\"elementor-widget-container\">\n\t\t\t\t\t<h2 class=\"elementor-heading-title elementor-size-default\">Gesti\u00f3n Aduanera de procesos de importaci\u00f3n\/exportaci\u00f3n<\/h2>\t\t\t\t<\/div>\n\t\t\t\t<\/div>\n\t\t\t\t<div class=\"elementor-element elementor-element-47c5aa75 elementor-widget elementor-widget-text-editor\" data-id=\"47c5aa75\" data-element_type=\"widget\" data-e-type=\"widget\" data-widget_type=\"text-editor.default\">\n\t\t\t\t<div class=\"elementor-widget-container\">\n\t\t\t\t\t\t\t\t\t<p><span style=\"font-weight: 400;\">Administraci\u00f3n y control de procesos relacionados con la importaci\u00f3n y exportaci\u00f3n de mercanc\u00edas a trav\u00e9s de fronteras internacionales.<\/span><\/p>\t\t\t\t\t\t\t\t<\/div>\n\t\t\t\t<\/div>\n\t\t\t\t<div class=\"elementor-element elementor-element-76b2f341 elementor-widget elementor-widget-heading\" data-id=\"76b2f341\" data-element_type=\"widget\" data-e-type=\"widget\" data-widget_type=\"heading.default\">\n\t\t\t\t<div class=\"elementor-widget-container\">\n\t\t\t\t\t<h2 class=\"elementor-heading-title elementor-size-default\">Los componentes clave incluyen:\n<\/h2>\t\t\t\t<\/div>\n\t\t\t\t<\/div>\n\t\t<div class=\"elementor-element elementor-element-c750b8a e-con-full e-flex e-con e-child\" data-id=\"c750b8a\" data-element_type=\"container\" data-e-type=\"container\">\n\t\t\t\t<div class=\"elementor-element elementor-element-1ae3e6e7 elementor-widget elementor-widget-text-editor\" data-id=\"1ae3e6e7\" data-element_type=\"widget\" data-e-type=\"widget\" data-widget_type=\"text-editor.default\">\n\t\t\t\t<div class=\"elementor-widget-container\">\n\t\t\t\t\t\t\t\t\t<ul><li style=\"font-weight: 400;\" aria-level=\"1\"><span style=\"font-weight: 400;\">Cumplimiento de la normativa de despacho de aduanas.<\/span><\/li><li style=\"font-weight: 400;\" aria-level=\"1\"><span style=\"font-weight: 400;\">Declaraci\u00f3n exacta de mercanc\u00edas.<\/span><\/li><li style=\"font-weight: 400;\" aria-level=\"1\"><span style=\"font-weight: 400;\">Evaluaci\u00f3n y pago de derechos, impuestos y aranceles.<\/span><\/li><li style=\"font-weight: 400;\" aria-level=\"1\"><span style=\"font-weight: 400;\">Facilitaci\u00f3n del comercio transfronterizo fluido y eficiente.<\/span><\/li><\/ul>\t\t\t\t\t\t\t\t<\/div>\n\t\t\t\t<\/div>\n\t\t\t\t<div class=\"elementor-element elementor-element-7d2033cc elementor-widget elementor-widget-heading\" data-id=\"7d2033cc\" data-element_type=\"widget\" data-e-type=\"widget\" data-widget_type=\"heading.default\">\n\t\t\t\t<div class=\"elementor-widget-container\">\n\t\t\t\t\t<h2 class=\"elementor-heading-title elementor-size-default\">Objetivos:\n<\/h2>\t\t\t\t<\/div>\n\t\t\t\t<\/div>\n\t\t\t\t<div class=\"elementor-element elementor-element-f6015dc elementor-widget elementor-widget-text-editor\" data-id=\"f6015dc\" data-element_type=\"widget\" data-e-type=\"widget\" data-widget_type=\"text-editor.default\">\n\t\t\t\t<div class=\"elementor-widget-container\">\n\t\t\t\t\t\t\t\t\t<ul><li style=\"font-weight: 400;\" aria-level=\"1\"><span style=\"font-weight: 400;\">Aseg\u00farese de que los productos alimenticios que ingresan o salen de un pa\u00eds cumplan con los requisitos legales y reglamentarios, incluidos:<br \/><\/span>\u00a0<ul><li style=\"font-weight: 400;\" aria-level=\"2\"><span style=\"font-weight: 400;\">Normas de seguridad.<\/span><\/li><li style=\"font-weight: 400;\" aria-level=\"2\"><span style=\"font-weight: 400;\">Normas sanitarias.<\/span><\/li><li style=\"font-weight: 400;\" aria-level=\"2\"><span style=\"font-weight: 400;\">Normas ambientales.<br \/><br \/><\/span><\/li><\/ul><\/li><li style=\"font-weight: 400;\" aria-level=\"1\"><span style=\"font-weight: 400;\">Prevenir actividades ilegales como el contrabando y el fraude.<\/span><\/li><\/ul>\t\t\t\t\t\t\t\t<\/div>\n\t\t\t\t<\/div>\n\t\t\t\t<\/div>\n\t\t\t\t<\/div>\n\t\t\t\t<\/div>\n\t\t\t\t<\/div>\n\t\t<div class=\"elementor-element elementor-element-5bd213de e-con-full e-flex e-con e-child\" data-id=\"5bd213de\" data-element_type=\"container\" data-e-type=\"container\">\n\t\t\t\t<div class=\"elementor-element elementor-element-64c78d91 elementor-widget elementor-widget-image\" data-id=\"64c78d91\" data-element_type=\"widget\" data-e-type=\"widget\" data-widget_type=\"image.default\">\n\t\t\t\t<div class=\"elementor-widget-container\">\n\t\t\t\t\t\t\t\t\t\t\t\t\t\t\t<img fetchpriority=\"high\" decoding=\"async\" width=\"707\" height=\"491\" src=\"https:\/\/groupetransit.com\/wp-content\/uploads\/2024\/09\/evaluation.jpg\" class=\"attachment-large size-large wp-image-2133\" alt=\"\" srcset=\"https:\/\/groupetransit.com\/wp-content\/uploads\/2024\/09\/evaluation.jpg 707w, https:\/\/groupetransit.com\/wp-content\/uploads\/2024\/09\/evaluation-300x208.jpg 300w\" sizes=\"(max-width: 707px) 100vw, 707px\" \/>\t\t\t\t\t\t\t\t\t\t\t\t\t\t\t<\/div>\n\t\t\t\t<\/div>\n\t\t\t\t<\/div>\n\t\t\t\t\t<\/div>\n\t\t\t\t<\/div>\n\t\t<div class=\"elementor-element elementor-element-232426b e-flex e-con-boxed e-con e-parent\" data-id=\"232426b\" data-element_type=\"container\" data-e-type=\"container\" data-settings=\"{&quot;background_background&quot;:&quot;classic&quot;}\">\n\t\t\t\t\t<div class=\"e-con-inner\">\n\t\t<div class=\"elementor-element elementor-element-2b976d5a e-con-full e-flex e-con e-child\" data-id=\"2b976d5a\" data-element_type=\"container\" data-e-type=\"container\">\n\t\t<div class=\"elementor-element elementor-element-7f3f309a e-con-full e-flex e-con e-child\" data-id=\"7f3f309a\" data-element_type=\"container\" data-e-type=\"container\">\n\t\t<div class=\"elementor-element elementor-element-5fec5b6a e-con-full e-flex e-con e-child\" data-id=\"5fec5b6a\" data-element_type=\"container\" data-e-type=\"container\">\n\t\t\t\t<div class=\"elementor-element elementor-element-408d4320 elementor-widget elementor-widget-heading\" data-id=\"408d4320\" data-element_type=\"widget\" data-e-type=\"widget\" data-widget_type=\"heading.default\">\n\t\t\t\t<div class=\"elementor-widget-container\">\n\t\t\t\t\t<h2 class=\"elementor-heading-title elementor-size-default\">Beneficios:\n<\/h2>\t\t\t\t<\/div>\n\t\t\t\t<\/div>\n\t\t\t\t<div class=\"elementor-element elementor-element-394c0a40 elementor-widget elementor-widget-text-editor\" data-id=\"394c0a40\" data-element_type=\"widget\" data-e-type=\"widget\" data-widget_type=\"text-editor.default\">\n\t\t\t\t<div class=\"elementor-widget-container\">\n\t\t\t\t\t\t\t\t\t<ul><li style=\"font-weight: 400;\" aria-level=\"1\"><span style=\"font-weight: 400;\">Agiliza las operaciones de la cadena de suministro.<\/span><\/li><li style=\"font-weight: 400;\" aria-level=\"1\"><span style=\"font-weight: 400;\">Reduce retrasos en los tr\u00e1mites aduaneros.<\/span><\/li><li style=\"font-weight: 400;\" aria-level=\"1\"><span style=\"font-weight: 400;\">Garantiza el cumplimiento de las leyes de comercio internacional.<\/span><\/li><\/ul>\t\t\t\t\t\t\t\t<\/div>\n\t\t\t\t<\/div>\n\t\t\t\t<\/div>\n\t\t\t\t<\/div>\n\t\t\t\t<\/div>\n\t\t\t\t\t<\/div>\n\t\t\t\t<\/div>\n\t\t\t\t<\/div>","protected":false},"excerpt":{"rendered":"<p>Customs Management Customs Management of import\/export processes Administration and control of processes related to the importation and exportation of goods across international borders. Key components include: Compliance with customs clearance regulations. Accurate declaration of goods. Assessment and payment of duties, taxes, and tariffs. Facilitation of smooth and efficient cross-border trade. Objectives: Ensure food products entering [&hellip;]<\/p>\n","protected":false},"author":1,"featured_media":0,"parent":0,"menu_order":0,"comment_status":"closed","ping_status":"closed","template":"","meta":{"_acf_changed":false,"footnotes":""},"class_list":["post-1583","page","type-page","status-publish","hentry"],"acf":[],"yoast_head":"<!-- This site is optimized with the Yoast SEO plugin v27.3 - https:\/\/yoast.com\/product\/yoast-seo-wordpress\/ -->\n<title>Customs Management - Groupe Transit<\/title>\n<meta name=\"robots\" content=\"index, follow, max-snippet:-1, max-image-preview:large, max-video-preview:-1\" \/>\n<link rel=\"canonical\" href=\"https:\/\/groupetransit.com\/es\/gestion-aduanera\/\" \/>\n<meta property=\"og:locale\" content=\"es_ES\" \/>\n<meta property=\"og:type\" content=\"article\" \/>\n<meta property=\"og:title\" content=\"Customs Management - Groupe Transit\" \/>\n<meta property=\"og:description\" content=\"Customs Management Customs Management of import\/export processes Administration and control of processes related to the importation and exportation of goods across international borders. Key components include: Compliance with customs clearance regulations. Accurate declaration of goods. Assessment and payment of duties, taxes, and tariffs. Facilitation of smooth and efficient cross-border trade. Objectives: Ensure food products entering [&hellip;]\" \/>\n<meta property=\"og:url\" content=\"https:\/\/groupetransit.com\/es\/gestion-aduanera\/\" \/>\n<meta property=\"og:site_name\" content=\"Groupe Transit\" \/>\n<meta property=\"article:publisher\" content=\"https:\/\/www.facebook.com\/groupetransit\/\" \/>\n<meta property=\"article:modified_time\" content=\"2024-10-07T14:53:09+00:00\" \/>\n<meta property=\"og:image\" content=\"https:\/\/groupetransit.com\/wp-content\/uploads\/2024\/09\/evaluation.jpg\" \/>\n<meta name=\"twitter:card\" content=\"summary_large_image\" \/>\n<script type=\"application\/ld+json\" class=\"yoast-schema-graph\">{\"@context\":\"https:\\\/\\\/schema.org\",\"@graph\":[{\"@type\":\"WebPage\",\"@id\":\"https:\\\/\\\/groupetransit.com\\\/customs-management\\\/\",\"url\":\"https:\\\/\\\/groupetransit.com\\\/customs-management\\\/\",\"name\":\"Customs Management - Groupe Transit\",\"isPartOf\":{\"@id\":\"https:\\\/\\\/groupetransit.com\\\/#website\"},\"primaryImageOfPage\":{\"@id\":\"https:\\\/\\\/groupetransit.com\\\/customs-management\\\/#primaryimage\"},\"image\":{\"@id\":\"https:\\\/\\\/groupetransit.com\\\/customs-management\\\/#primaryimage\"},\"thumbnailUrl\":\"https:\\\/\\\/groupetransit.com\\\/wp-content\\\/uploads\\\/2024\\\/09\\\/evaluation.jpg\",\"datePublished\":\"2024-09-30T18:46:21+00:00\",\"dateModified\":\"2024-10-07T14:53:09+00:00\",\"breadcrumb\":{\"@id\":\"https:\\\/\\\/groupetransit.com\\\/customs-management\\\/#breadcrumb\"},\"inLanguage\":\"es\",\"potentialAction\":[{\"@type\":\"ReadAction\",\"target\":[\"https:\\\/\\\/groupetransit.com\\\/customs-management\\\/\"]}]},{\"@type\":\"ImageObject\",\"inLanguage\":\"es\",\"@id\":\"https:\\\/\\\/groupetransit.com\\\/customs-management\\\/#primaryimage\",\"url\":\"https:\\\/\\\/groupetransit.com\\\/wp-content\\\/uploads\\\/2024\\\/09\\\/evaluation.jpg\",\"contentUrl\":\"https:\\\/\\\/groupetransit.com\\\/wp-content\\\/uploads\\\/2024\\\/09\\\/evaluation.jpg\"},{\"@type\":\"BreadcrumbList\",\"@id\":\"https:\\\/\\\/groupetransit.com\\\/customs-management\\\/#breadcrumb\",\"itemListElement\":[{\"@type\":\"ListItem\",\"position\":1,\"name\":\"Home\",\"item\":\"https:\\\/\\\/groupetransit.com\\\/\"},{\"@type\":\"ListItem\",\"position\":2,\"name\":\"Customs Management\"}]},{\"@type\":\"WebSite\",\"@id\":\"https:\\\/\\\/groupetransit.com\\\/#website\",\"url\":\"https:\\\/\\\/groupetransit.com\\\/\",\"name\":\"Groupe Transit\",\"description\":\"Transport Services\",\"publisher\":{\"@id\":\"https:\\\/\\\/groupetransit.com\\\/#organization\"},\"potentialAction\":[{\"@type\":\"SearchAction\",\"target\":{\"@type\":\"EntryPoint\",\"urlTemplate\":\"https:\\\/\\\/groupetransit.com\\\/?s={search_term_string}\"},\"query-input\":{\"@type\":\"PropertyValueSpecification\",\"valueRequired\":true,\"valueName\":\"search_term_string\"}}],\"inLanguage\":\"es\"},{\"@type\":\"Organization\",\"@id\":\"https:\\\/\\\/groupetransit.com\\\/#organization\",\"name\":\"Groupe Transit\",\"url\":\"https:\\\/\\\/groupetransit.com\\\/\",\"logo\":{\"@type\":\"ImageObject\",\"inLanguage\":\"es\",\"@id\":\"https:\\\/\\\/groupetransit.com\\\/#\\\/schema\\\/logo\\\/image\\\/\",\"url\":\"https:\\\/\\\/groupetransit.com\\\/wp-content\\\/uploads\\\/2024\\\/07\\\/Logo-1.png\",\"contentUrl\":\"https:\\\/\\\/groupetransit.com\\\/wp-content\\\/uploads\\\/2024\\\/07\\\/Logo-1.png\",\"width\":162,\"height\":57,\"caption\":\"Groupe Transit\"},\"image\":{\"@id\":\"https:\\\/\\\/groupetransit.com\\\/#\\\/schema\\\/logo\\\/image\\\/\"},\"sameAs\":[\"https:\\\/\\\/www.facebook.com\\\/groupetransit\\\/\",\"https:\\\/\\\/ca.linkedin.com\\\/company\\\/groupe-transit\",\"https:\\\/\\\/www.youtube.com\\\/channel\\\/UCIhizN865L6EI2clCScF7dA\"]}]}<\/script>\n<!-- \/ Yoast SEO plugin. -->","yoast_head_json":{"title":"Gesti\u00f3n de aduanas - Grupo Transit","robots":{"index":"index","follow":"follow","max-snippet":"max-snippet:-1","max-image-preview":"max-image-preview:large","max-video-preview":"max-video-preview:-1"},"canonical":"https:\/\/groupetransit.com\/es\/gestion-aduanera\/","og_locale":"es_ES","og_type":"article","og_title":"Customs Management - Groupe Transit","og_description":"Customs Management Customs Management of import\/export processes Administration and control of processes related to the importation and exportation of goods across international borders. Key components include: Compliance with customs clearance regulations. Accurate declaration of goods. Assessment and payment of duties, taxes, and tariffs. Facilitation of smooth and efficient cross-border trade. Objectives: Ensure food products entering [&hellip;]","og_url":"https:\/\/groupetransit.com\/es\/gestion-aduanera\/","og_site_name":"Groupe Transit","article_publisher":"https:\/\/www.facebook.com\/groupetransit\/","article_modified_time":"2024-10-07T14:53:09+00:00","og_image":[{"url":"https:\/\/groupetransit.com\/wp-content\/uploads\/2024\/09\/evaluation.jpg","type":"","width":"","height":""}],"twitter_card":"summary_large_image","schema":{"@context":"https:\/\/schema.org","@graph":[{"@type":"WebPage","@id":"https:\/\/groupetransit.com\/customs-management\/","url":"https:\/\/groupetransit.com\/customs-management\/","name":"Gesti\u00f3n de aduanas - Grupo Transit","isPartOf":{"@id":"https:\/\/groupetransit.com\/#website"},"primaryImageOfPage":{"@id":"https:\/\/groupetransit.com\/customs-management\/#primaryimage"},"image":{"@id":"https:\/\/groupetransit.com\/customs-management\/#primaryimage"},"thumbnailUrl":"https:\/\/groupetransit.com\/wp-content\/uploads\/2024\/09\/evaluation.jpg","datePublished":"2024-09-30T18:46:21+00:00","dateModified":"2024-10-07T14:53:09+00:00","breadcrumb":{"@id":"https:\/\/groupetransit.com\/customs-management\/#breadcrumb"},"inLanguage":"es","potentialAction":[{"@type":"ReadAction","target":["https:\/\/groupetransit.com\/customs-management\/"]}]},{"@type":"ImageObject","inLanguage":"es","@id":"https:\/\/groupetransit.com\/customs-management\/#primaryimage","url":"https:\/\/groupetransit.com\/wp-content\/uploads\/2024\/09\/evaluation.jpg","contentUrl":"https:\/\/groupetransit.com\/wp-content\/uploads\/2024\/09\/evaluation.jpg"},{"@type":"BreadcrumbList","@id":"https:\/\/groupetransit.com\/customs-management\/#breadcrumb","itemListElement":[{"@type":"ListItem","position":1,"name":"Home","item":"https:\/\/groupetransit.com\/"},{"@type":"ListItem","position":2,"name":"Customs Management"}]},{"@type":"WebSite","@id":"https:\/\/groupetransit.com\/#website","url":"https:\/\/groupetransit.com\/","name":"Grupo Transit","description":"Servicios de transporte","publisher":{"@id":"https:\/\/groupetransit.com\/#organization"},"potentialAction":[{"@type":"SearchAction","target":{"@type":"EntryPoint","urlTemplate":"https:\/\/groupetransit.com\/?s={search_term_string}"},"query-input":{"@type":"PropertyValueSpecification","valueRequired":true,"valueName":"search_term_string"}}],"inLanguage":"es"},{"@type":"Organization","@id":"https:\/\/groupetransit.com\/#organization","name":"Grupo Transit","url":"https:\/\/groupetransit.com\/","logo":{"@type":"ImageObject","inLanguage":"es","@id":"https:\/\/groupetransit.com\/#\/schema\/logo\/image\/","url":"https:\/\/groupetransit.com\/wp-content\/uploads\/2024\/07\/Logo-1.png","contentUrl":"https:\/\/groupetransit.com\/wp-content\/uploads\/2024\/07\/Logo-1.png","width":162,"height":57,"caption":"Groupe Transit"},"image":{"@id":"https:\/\/groupetransit.com\/#\/schema\/logo\/image\/"},"sameAs":["https:\/\/www.facebook.com\/groupetransit\/","https:\/\/ca.linkedin.com\/company\/groupe-transit","https:\/\/www.youtube.com\/channel\/UCIhizN865L6EI2clCScF7dA"]}]}},"_links":{"self":[{"href":"https:\/\/groupetransit.com\/es\/wp-json\/wp\/v2\/pages\/1583","targetHints":{"allow":["GET"]}}],"collection":[{"href":"https:\/\/groupetransit.com\/es\/wp-json\/wp\/v2\/pages"}],"about":[{"href":"https:\/\/groupetransit.com\/es\/wp-json\/wp\/v2\/types\/page"}],"author":[{"embeddable":true,"href":"https:\/\/groupetransit.com\/es\/wp-json\/wp\/v2\/users\/1"}],"replies":[{"embeddable":true,"href":"https:\/\/groupetransit.com\/es\/wp-json\/wp\/v2\/comments?post=1583"}],"version-history":[{"count":16,"href":"https:\/\/groupetransit.com\/es\/wp-json\/wp\/v2\/pages\/1583\/revisions"}],"predecessor-version":[{"id":2239,"href":"https:\/\/groupetransit.com\/es\/wp-json\/wp\/v2\/pages\/1583\/revisions\/2239"}],"wp:attachment":[{"href":"https:\/\/groupetransit.com\/es\/wp-json\/wp\/v2\/media?parent=1583"}],"curies":[{"name":"wp","href":"https:\/\/api.w.org\/{rel}","templated":true}]}}