{"id":1581,"date":"2024-09-30T18:46:08","date_gmt":"2024-09-30T18:46:08","guid":{"rendered":"https:\/\/groupetransit.com\/?page_id=1581"},"modified":"2024-10-07T14:49:37","modified_gmt":"2024-10-07T14:49:37","slug":"servicios-de-cumplimiento-aduanero","status":"publish","type":"page","link":"https:\/\/groupetransit.com\/es\/customs-compliance-services\/","title":{"rendered":"Servicios de cumplimiento aduanero"},"content":{"rendered":"<div data-elementor-type=\"wp-page\" data-elementor-id=\"1581\" class=\"elementor elementor-1581\" data-elementor-post-type=\"page\">\n\t\t\t\t<div class=\"elementor-element elementor-element-e864a88 e-flex e-con-boxed e-con e-parent\" data-id=\"e864a88\" data-element_type=\"container\" data-e-type=\"container\">\n\t\t\t\t\t<div class=\"e-con-inner\">\n\t\t\t\t<div class=\"elementor-element elementor-element-2c9833f elementor-widget elementor-widget-theme-post-title elementor-page-title elementor-widget-heading\" data-id=\"2c9833f\" data-element_type=\"widget\" data-e-type=\"widget\" data-widget_type=\"theme-post-title.default\">\n\t\t\t\t<div class=\"elementor-widget-container\">\n\t\t\t\t\t<h1 class=\"elementor-heading-title elementor-size-default\">Servicios de cumplimiento aduanero<\/h1>\t\t\t\t<\/div>\n\t\t\t\t<\/div>\n\t\t\t\t\t<\/div>\n\t\t\t\t<\/div>\n\t\t<div class=\"elementor-element elementor-element-5e7d2a44 e-flex e-con-boxed e-con e-parent\" data-id=\"5e7d2a44\" data-element_type=\"container\" data-e-type=\"container\">\n\t\t\t\t\t<div class=\"e-con-inner\">\n\t\t<div class=\"elementor-element elementor-element-56c275a6 e-con-full e-flex e-con e-child\" data-id=\"56c275a6\" data-element_type=\"container\" data-e-type=\"container\">\n\t\t<div class=\"elementor-element elementor-element-29880953 e-con-full e-flex e-con e-child\" data-id=\"29880953\" data-element_type=\"container\" data-e-type=\"container\">\n\t\t<div class=\"elementor-element elementor-element-48e519c7 e-con-full e-flex e-con e-child\" data-id=\"48e519c7\" data-element_type=\"container\" data-e-type=\"container\">\n\t\t\t\t<div class=\"elementor-element elementor-element-267e510f elementor-widget elementor-widget-text-editor\" data-id=\"267e510f\" data-element_type=\"widget\" data-e-type=\"widget\" data-widget_type=\"text-editor.default\">\n\t\t\t\t<div class=\"elementor-widget-container\">\n\t\t\t\t\t\t\t\t\t<p>El cumplimiento de las normas aduaneras es una parte vital del comercio internacional. Garantiza que las empresas cumplan con todos los requisitos reglamentarios al importar o exportar mercanc\u00edas. El incumplimiento puede dar lugar a importantes sanciones, retrasos o incluso complicaciones legales. A continuaci\u00f3n, examinamos los principales problemas relacionados con el cumplimiento de las normas aduaneras y proporcionamos pasos pr\u00e1cticos para gestionarlos de forma eficaz.<\/p>\t\t\t\t\t\t\t\t<\/div>\n\t\t\t\t<\/div>\n\t\t\t\t<div class=\"elementor-element elementor-element-384dcf57 elementor-widget elementor-widget-heading\" data-id=\"384dcf57\" data-element_type=\"widget\" data-e-type=\"widget\" data-widget_type=\"heading.default\">\n\t\t\t\t<div class=\"elementor-widget-container\">\n\t\t\t\t\t<h2 class=\"elementor-heading-title elementor-size-default\">Cuestiones clave en materia de cumplimiento aduanero<\/h2>\t\t\t\t<\/div>\n\t\t\t\t<\/div>\n\t\t\t\t<div class=\"elementor-element elementor-element-539e08e3 elementor-widget elementor-widget-text-editor\" data-id=\"539e08e3\" data-element_type=\"widget\" data-e-type=\"widget\" data-widget_type=\"text-editor.default\">\n\t\t\t\t<div class=\"elementor-widget-container\">\n\t\t\t\t\t\t\t\t\t<p>Uno de los principales desaf\u00edos en el cumplimiento de las normas aduaneras es la <strong>clasificaci\u00f3n precisa de mercanc\u00edas<\/strong>Las mercanc\u00edas deben clasificarse seg\u00fan el c\u00f3digo correcto del Sistema Armonizado (SA), que determina los derechos e impuestos aplicables. Una clasificaci\u00f3n incorrecta puede dar lugar a un pago excesivo o insuficiente de los derechos y a sanciones.<\/p><p>El <strong>valoraci\u00f3n de bienes<\/strong> Otro aspecto crucial es la correcta declaraci\u00f3n del valor de las mercanc\u00edas, que es esencial para evitar problemas aduaneros. Una subvaloraci\u00f3n o una sobrevaloraci\u00f3n pueden dar lugar a multas y retrasos. Es importante asegurarse de que el valor declarado se ajuste a las normas aduaneras.<\/p><p>Adem\u00e1s, la <strong>origen de las mercanc\u00edas<\/strong> Desempe\u00f1a un papel importante en los procesos aduaneros. La certificaci\u00f3n y documentaci\u00f3n de origen adecuadas son necesarias para calificar para acuerdos comerciales preferenciales, que pueden ofrecer aranceles reducidos. Sin una documentaci\u00f3n precisa, las empresas corren el riesgo de perder estos beneficios.<\/p>\t\t\t\t\t\t\t\t<\/div>\n\t\t\t\t<\/div>\n\t\t\t\t<\/div>\n\t\t\t\t<\/div>\n\t\t\t\t<\/div>\n\t\t<div class=\"elementor-element elementor-element-792966b1 e-con-full e-flex e-con e-child\" data-id=\"792966b1\" data-element_type=\"container\" data-e-type=\"container\">\n\t\t\t\t<div class=\"elementor-element elementor-element-32b19dab elementor-widget elementor-widget-image\" data-id=\"32b19dab\" data-element_type=\"widget\" data-e-type=\"widget\" data-widget_type=\"image.default\">\n\t\t\t\t<div class=\"elementor-widget-container\">\n\t\t\t\t\t\t\t\t\t\t\t\t\t\t\t<img fetchpriority=\"high\" decoding=\"async\" width=\"707\" height=\"491\" src=\"https:\/\/groupetransit.com\/wp-content\/uploads\/2024\/10\/compliance.jpg\" class=\"attachment-large size-large wp-image-1897\" alt=\"\" srcset=\"https:\/\/groupetransit.com\/wp-content\/uploads\/2024\/10\/compliance.jpg 707w, https:\/\/groupetransit.com\/wp-content\/uploads\/2024\/10\/compliance-300x208.jpg 300w\" sizes=\"(max-width: 707px) 100vw, 707px\" \/>\t\t\t\t\t\t\t\t\t\t\t\t\t\t\t<\/div>\n\t\t\t\t<\/div>\n\t\t\t\t<\/div>\n\t\t\t\t\t<\/div>\n\t\t\t\t<\/div>\n\t\t<div class=\"elementor-element elementor-element-21014874 e-flex e-con-boxed e-con e-parent\" data-id=\"21014874\" data-element_type=\"container\" data-e-type=\"container\" data-settings=\"{&quot;background_background&quot;:&quot;classic&quot;}\">\n\t\t\t\t\t<div class=\"e-con-inner\">\n\t\t<div class=\"elementor-element elementor-element-2db30df0 e-con-full e-flex e-con e-child\" data-id=\"2db30df0\" data-element_type=\"container\" data-e-type=\"container\">\n\t\t<div class=\"elementor-element elementor-element-8a82d57 e-con-full e-flex e-con e-child\" data-id=\"8a82d57\" data-element_type=\"container\" data-e-type=\"container\">\n\t\t<div class=\"elementor-element elementor-element-7f24af4 e-con-full e-flex e-con e-child\" data-id=\"7f24af4\" data-element_type=\"container\" data-e-type=\"container\">\n\t\t\t\t<div class=\"elementor-element elementor-element-2dee1934 elementor-widget elementor-widget-text-editor\" data-id=\"2dee1934\" data-element_type=\"widget\" data-e-type=\"widget\" data-widget_type=\"text-editor.default\">\n\t\t\t\t<div class=\"elementor-widget-container\">\n\t\t\t\t\t\t\t\t\t<p>Para las empresas que comercian con bienes regulados o restringidos, obtener los documentos necesarios <strong>Licencias y permisos<\/strong> es fundamental. Muchos productos est\u00e1n sujetos a cuotas o restricciones, y no obtener la documentaci\u00f3n adecuada puede resultar en demoras o rechazos del env\u00edo.<\/p><p>Otro aspecto clave del cumplimiento es la <strong>C\u00e1lculo y pago de derechos e impuestos<\/strong>Calcular y pagar con precisi\u00f3n todos los derechos de aduana, impuestos y tarifas aplicables garantiza que las mercanc\u00edas pasen la aduana sin demoras innecesarias.<\/p><p>La importancia de <strong>precisi\u00f3n de la documentaci\u00f3n<\/strong> No se puede exagerar la importancia de esta cuesti\u00f3n. Las autoridades aduaneras exigen documentaci\u00f3n completa y precisa, incluidas facturas, listas de embalaje, certificados de origen y declaraciones de aduanas. Cualquier discrepancia puede causar demoras o dar lugar a sanciones.<\/p><p>Finalmente, <strong>Cumplimiento de las normativas locales<\/strong>\u2014incluidas las normas de salud, seguridad y medio ambiente\u2014 son necesarias al importar o exportar bienes. Cada pa\u00eds tiene normas particulares que deben cumplirse para evitar complicaciones en la aduana.<\/p><p>Eficaz <strong>Gesti\u00f3n de seguridad y riesgos<\/strong> Las buenas pr\u00e1cticas tambi\u00e9n son fundamentales. La implementaci\u00f3n de protocolos de seguridad ayuda a prevenir env\u00edos ilegales, fraudes o contrabando, salvaguardando la integridad del proceso aduanero.<\/p>\t\t\t\t\t\t\t\t<\/div>\n\t\t\t\t<\/div>\n\t\t\t\t<\/div>\n\t\t\t\t<\/div>\n\t\t\t\t<\/div>\n\t\t\t\t\t<\/div>\n\t\t\t\t<\/div>\n\t\t<div class=\"elementor-element elementor-element-4a1c9480 e-flex e-con-boxed e-con e-parent\" data-id=\"4a1c9480\" data-element_type=\"container\" data-e-type=\"container\" data-settings=\"{&quot;background_background&quot;:&quot;classic&quot;}\">\n\t\t\t\t\t<div class=\"e-con-inner\">\n\t\t<div class=\"elementor-element elementor-element-7162b466 e-con-full e-flex e-con e-child\" data-id=\"7162b466\" data-element_type=\"container\" data-e-type=\"container\">\n\t\t\t\t<div class=\"elementor-element elementor-element-d9739e4 elementor-widget elementor-widget-image\" data-id=\"d9739e4\" data-element_type=\"widget\" data-e-type=\"widget\" data-widget_type=\"image.default\">\n\t\t\t\t<div class=\"elementor-widget-container\">\n\t\t\t\t\t\t\t\t\t\t\t\t\t\t\t<img decoding=\"async\" width=\"707\" height=\"491\" src=\"https:\/\/groupetransit.com\/wp-content\/uploads\/2024\/10\/quality-check.jpg\" class=\"attachment-large size-large wp-image-2040\" alt=\"\" srcset=\"https:\/\/groupetransit.com\/wp-content\/uploads\/2024\/10\/quality-check.jpg 707w, https:\/\/groupetransit.com\/wp-content\/uploads\/2024\/10\/quality-check-300x208.jpg 300w\" sizes=\"(max-width: 707px) 100vw, 707px\" \/>\t\t\t\t\t\t\t\t\t\t\t\t\t\t\t<\/div>\n\t\t\t\t<\/div>\n\t\t\t\t<\/div>\n\t\t<div class=\"elementor-element elementor-element-32bc8399 e-con-full e-flex e-con e-child\" data-id=\"32bc8399\" data-element_type=\"container\" data-e-type=\"container\">\n\t\t<div class=\"elementor-element elementor-element-566c2981 e-con-full e-flex e-con e-child\" data-id=\"566c2981\" data-element_type=\"container\" data-e-type=\"container\">\n\t\t\t\t<div class=\"elementor-element elementor-element-5c4ef91e elementor-widget elementor-widget-heading\" data-id=\"5c4ef91e\" data-element_type=\"widget\" data-e-type=\"widget\" data-widget_type=\"heading.default\">\n\t\t\t\t<div class=\"elementor-widget-container\">\n\t\t\t\t\t<h2 class=\"elementor-heading-title elementor-size-default\">Pasos para garantizar el cumplimiento de las normas aduaneras<\/h2>\t\t\t\t<\/div>\n\t\t\t\t<\/div>\n\t\t\t\t<div class=\"elementor-element elementor-element-25e14c56 elementor-widget elementor-widget-text-editor\" data-id=\"25e14c56\" data-element_type=\"widget\" data-e-type=\"widget\" data-widget_type=\"text-editor.default\">\n\t\t\t\t<div class=\"elementor-widget-container\">\n\t\t\t\t\t\t\t\t\t<p>Para garantizar el cumplimiento aduanero, el primer paso es <strong>determinar los c\u00f3digos HS correctos<\/strong> para todos los productos. Este paso garantiza una clasificaci\u00f3n precisa, lo que ayuda a evitar sanciones por clasificaci\u00f3n err\u00f3nea.<\/p><p>A continuaci\u00f3n, las empresas deber\u00edan: <strong>verificar el valor de sus mercanc\u00edas<\/strong> para garantizar que cumplan con los requisitos de valoraci\u00f3n aduanera. Una valoraci\u00f3n precisa ayuda a evitar multas y demoras durante el despacho de aduana.<\/p><p>El tercer paso implica <strong>comprobando la documentaci\u00f3n de origen<\/strong>La documentaci\u00f3n adecuada garantiza que los productos califiquen para cualquier arancel preferencial en virtud de los acuerdos comerciales, lo que puede reducir los costos.<\/p><p>Una vez que la documentaci\u00f3n est\u00e9 en orden, las empresas deben: <strong>obtener todas las licencias y permisos necesarios<\/strong>Este paso es especialmente importante para mercanc\u00edas restringidas que requieren una autorizaci\u00f3n especial para su importaci\u00f3n o exportaci\u00f3n.<\/p><p>La presentaci\u00f3n precisa y oportuna de la documentaci\u00f3n aduanera es esencial. Las empresas deben <strong>preparar y presentar declaraciones aduaneras precisas<\/strong> que incluya toda la documentaci\u00f3n requerida. Los errores en la documentaci\u00f3n pueden dar lugar a demoras en el procesamiento o sanciones.<\/p>\t\t\t\t\t\t\t\t<\/div>\n\t\t\t\t<\/div>\n\t\t\t\t<\/div>\n\t\t\t\t<\/div>\n\t\t\t\t\t<\/div>\n\t\t\t\t<\/div>\n\t\t<div class=\"elementor-element elementor-element-3140651b e-flex e-con-boxed e-con e-parent\" data-id=\"3140651b\" data-element_type=\"container\" data-e-type=\"container\" data-settings=\"{&quot;background_background&quot;:&quot;classic&quot;}\">\n\t\t\t\t\t<div class=\"e-con-inner\">\n\t\t<div class=\"elementor-element elementor-element-28b5d951 e-con-full e-flex e-con e-child\" data-id=\"28b5d951\" data-element_type=\"container\" data-e-type=\"container\">\n\t\t<div class=\"elementor-element elementor-element-45ef1905 e-con-full e-flex e-con e-child\" data-id=\"45ef1905\" data-element_type=\"container\" data-e-type=\"container\">\n\t\t<div class=\"elementor-element elementor-element-61ce78a3 e-con-full e-flex e-con e-child\" data-id=\"61ce78a3\" data-element_type=\"container\" data-e-type=\"container\">\n\t\t\t\t<div class=\"elementor-element elementor-element-7a9b86ef elementor-widget elementor-widget-text-editor\" data-id=\"7a9b86ef\" data-element_type=\"widget\" data-e-type=\"widget\" data-widget_type=\"text-editor.default\">\n\t\t\t\t<div class=\"elementor-widget-container\">\n\t\t\t\t\t\t\t\t\t<p>Adem\u00e1s, es importante <strong>garantizar el pago oportuno de derechos, impuestos y tasas<\/strong> para evitar demoras en el despacho de aduanas. La falta de pago o el pago tard\u00edo pueden dar lugar a que las mercanc\u00edas queden retenidas en la aduana.<\/p><p>Para agilizar a\u00fan m\u00e1s el proceso, las empresas deben: <strong>supervisar el cumplimiento de las regulaciones locales<\/strong>Garantizar que las mercanc\u00edas cumplan con todos los est\u00e1ndares pertinentes de salud, seguridad y medio ambiente ayuda a evitar problemas inesperados durante el despacho.<\/p><p>Por \u00faltimo, las empresas deber\u00edan: <strong>Implementar medidas de seguridad robustas<\/strong> Para protegerse de actividades ilegales como el contrabando o el fraude. Una gesti\u00f3n eficaz de los riesgos ayuda a garantizar un proceso aduanero sin problemas y protege a la empresa de complicaciones legales.<\/p><p>Al abordar estas cuestiones y seguir los pasos descritos, las empresas pueden agilizar sus procesos aduaneros, evitar errores costosos y mantener operaciones comerciales internacionales fluidas.<\/p>\t\t\t\t\t\t\t\t<\/div>\n\t\t\t\t<\/div>\n\t\t\t\t<\/div>\n\t\t\t\t<\/div>\n\t\t\t\t<\/div>\n\t\t\t\t\t<\/div>\n\t\t\t\t<\/div>\n\t\t\t\t<\/div>","protected":false},"excerpt":{"rendered":"<p>Customs compliance is a vital part of international trade. It ensures that businesses adhere to all regulatory requirements when importing or exporting goods. Failure to comply can lead to significant penalties, delays, or even legal complications. Below, we examine the primary issues in customs compliance and provide practical steps to manage them effectively. Key Issues [&hellip;]<\/p>\n","protected":false},"author":1,"featured_media":0,"parent":0,"menu_order":0,"comment_status":"closed","ping_status":"closed","template":"","meta":{"_acf_changed":false,"footnotes":""},"class_list":["post-1581","page","type-page","status-publish","hentry"],"acf":[],"yoast_head":"<!-- This site is optimized with the Yoast SEO plugin v27.3 - https:\/\/yoast.com\/product\/yoast-seo-wordpress\/ -->\n<title>Customs Compliance Services - Groupe Transit<\/title>\n<meta name=\"robots\" content=\"index, follow, max-snippet:-1, max-image-preview:large, max-video-preview:-1\" \/>\n<link rel=\"canonical\" href=\"https:\/\/groupetransit.com\/es\/servicios-de-cumplimiento-aduanero\/\" \/>\n<meta property=\"og:locale\" content=\"es_ES\" \/>\n<meta property=\"og:type\" content=\"article\" \/>\n<meta property=\"og:title\" content=\"Customs Compliance Services - Groupe Transit\" \/>\n<meta property=\"og:description\" content=\"Customs compliance is a vital part of international trade. It ensures that businesses adhere to all regulatory requirements when importing or exporting goods. Failure to comply can lead to significant penalties, delays, or even legal complications. Below, we examine the primary issues in customs compliance and provide practical steps to manage them effectively. Key Issues [&hellip;]\" \/>\n<meta property=\"og:url\" content=\"https:\/\/groupetransit.com\/es\/servicios-de-cumplimiento-aduanero\/\" \/>\n<meta property=\"og:site_name\" content=\"Groupe Transit\" \/>\n<meta property=\"article:publisher\" content=\"https:\/\/www.facebook.com\/groupetransit\/\" \/>\n<meta property=\"article:modified_time\" content=\"2024-10-07T14:49:37+00:00\" \/>\n<meta property=\"og:image\" content=\"https:\/\/groupetransit.com\/wp-content\/uploads\/2024\/10\/compliance.jpg\" \/>\n<meta name=\"twitter:card\" content=\"summary_large_image\" \/>\n<meta name=\"twitter:label1\" content=\"Tiempo de lectura\" \/>\n\t<meta name=\"twitter:data1\" content=\"3 minutos\" \/>\n<script type=\"application\/ld+json\" class=\"yoast-schema-graph\">{\"@context\":\"https:\\\/\\\/schema.org\",\"@graph\":[{\"@type\":\"WebPage\",\"@id\":\"https:\\\/\\\/groupetransit.com\\\/customs-compliance-services\\\/\",\"url\":\"https:\\\/\\\/groupetransit.com\\\/customs-compliance-services\\\/\",\"name\":\"Customs Compliance Services - Groupe Transit\",\"isPartOf\":{\"@id\":\"https:\\\/\\\/groupetransit.com\\\/#website\"},\"primaryImageOfPage\":{\"@id\":\"https:\\\/\\\/groupetransit.com\\\/customs-compliance-services\\\/#primaryimage\"},\"image\":{\"@id\":\"https:\\\/\\\/groupetransit.com\\\/customs-compliance-services\\\/#primaryimage\"},\"thumbnailUrl\":\"https:\\\/\\\/groupetransit.com\\\/wp-content\\\/uploads\\\/2024\\\/10\\\/compliance.jpg\",\"datePublished\":\"2024-09-30T18:46:08+00:00\",\"dateModified\":\"2024-10-07T14:49:37+00:00\",\"breadcrumb\":{\"@id\":\"https:\\\/\\\/groupetransit.com\\\/customs-compliance-services\\\/#breadcrumb\"},\"inLanguage\":\"es\",\"potentialAction\":[{\"@type\":\"ReadAction\",\"target\":[\"https:\\\/\\\/groupetransit.com\\\/customs-compliance-services\\\/\"]}]},{\"@type\":\"ImageObject\",\"inLanguage\":\"es\",\"@id\":\"https:\\\/\\\/groupetransit.com\\\/customs-compliance-services\\\/#primaryimage\",\"url\":\"https:\\\/\\\/groupetransit.com\\\/wp-content\\\/uploads\\\/2024\\\/10\\\/compliance.jpg\",\"contentUrl\":\"https:\\\/\\\/groupetransit.com\\\/wp-content\\\/uploads\\\/2024\\\/10\\\/compliance.jpg\"},{\"@type\":\"BreadcrumbList\",\"@id\":\"https:\\\/\\\/groupetransit.com\\\/customs-compliance-services\\\/#breadcrumb\",\"itemListElement\":[{\"@type\":\"ListItem\",\"position\":1,\"name\":\"Home\",\"item\":\"https:\\\/\\\/groupetransit.com\\\/\"},{\"@type\":\"ListItem\",\"position\":2,\"name\":\"Customs Compliance Services\"}]},{\"@type\":\"WebSite\",\"@id\":\"https:\\\/\\\/groupetransit.com\\\/#website\",\"url\":\"https:\\\/\\\/groupetransit.com\\\/\",\"name\":\"Groupe Transit\",\"description\":\"Transport Services\",\"publisher\":{\"@id\":\"https:\\\/\\\/groupetransit.com\\\/#organization\"},\"potentialAction\":[{\"@type\":\"SearchAction\",\"target\":{\"@type\":\"EntryPoint\",\"urlTemplate\":\"https:\\\/\\\/groupetransit.com\\\/?s={search_term_string}\"},\"query-input\":{\"@type\":\"PropertyValueSpecification\",\"valueRequired\":true,\"valueName\":\"search_term_string\"}}],\"inLanguage\":\"es\"},{\"@type\":\"Organization\",\"@id\":\"https:\\\/\\\/groupetransit.com\\\/#organization\",\"name\":\"Groupe Transit\",\"url\":\"https:\\\/\\\/groupetransit.com\\\/\",\"logo\":{\"@type\":\"ImageObject\",\"inLanguage\":\"es\",\"@id\":\"https:\\\/\\\/groupetransit.com\\\/#\\\/schema\\\/logo\\\/image\\\/\",\"url\":\"https:\\\/\\\/groupetransit.com\\\/wp-content\\\/uploads\\\/2024\\\/07\\\/Logo-1.png\",\"contentUrl\":\"https:\\\/\\\/groupetransit.com\\\/wp-content\\\/uploads\\\/2024\\\/07\\\/Logo-1.png\",\"width\":162,\"height\":57,\"caption\":\"Groupe Transit\"},\"image\":{\"@id\":\"https:\\\/\\\/groupetransit.com\\\/#\\\/schema\\\/logo\\\/image\\\/\"},\"sameAs\":[\"https:\\\/\\\/www.facebook.com\\\/groupetransit\\\/\",\"https:\\\/\\\/ca.linkedin.com\\\/company\\\/groupe-transit\",\"https:\\\/\\\/www.youtube.com\\\/channel\\\/UCIhizN865L6EI2clCScF7dA\"]}]}<\/script>\n<!-- \/ Yoast SEO plugin. -->","yoast_head_json":{"title":"Servicios de cumplimiento aduanero - Groupe Transit","robots":{"index":"index","follow":"follow","max-snippet":"max-snippet:-1","max-image-preview":"max-image-preview:large","max-video-preview":"max-video-preview:-1"},"canonical":"https:\/\/groupetransit.com\/es\/servicios-de-cumplimiento-aduanero\/","og_locale":"es_ES","og_type":"article","og_title":"Customs Compliance Services - Groupe Transit","og_description":"Customs compliance is a vital part of international trade. It ensures that businesses adhere to all regulatory requirements when importing or exporting goods. Failure to comply can lead to significant penalties, delays, or even legal complications. Below, we examine the primary issues in customs compliance and provide practical steps to manage them effectively. Key Issues [&hellip;]","og_url":"https:\/\/groupetransit.com\/es\/servicios-de-cumplimiento-aduanero\/","og_site_name":"Groupe Transit","article_publisher":"https:\/\/www.facebook.com\/groupetransit\/","article_modified_time":"2024-10-07T14:49:37+00:00","og_image":[{"url":"https:\/\/groupetransit.com\/wp-content\/uploads\/2024\/10\/compliance.jpg","type":"","width":"","height":""}],"twitter_card":"summary_large_image","twitter_misc":{"Tiempo de lectura":"3 minutos"},"schema":{"@context":"https:\/\/schema.org","@graph":[{"@type":"WebPage","@id":"https:\/\/groupetransit.com\/customs-compliance-services\/","url":"https:\/\/groupetransit.com\/customs-compliance-services\/","name":"Servicios de cumplimiento aduanero - Groupe Transit","isPartOf":{"@id":"https:\/\/groupetransit.com\/#website"},"primaryImageOfPage":{"@id":"https:\/\/groupetransit.com\/customs-compliance-services\/#primaryimage"},"image":{"@id":"https:\/\/groupetransit.com\/customs-compliance-services\/#primaryimage"},"thumbnailUrl":"https:\/\/groupetransit.com\/wp-content\/uploads\/2024\/10\/compliance.jpg","datePublished":"2024-09-30T18:46:08+00:00","dateModified":"2024-10-07T14:49:37+00:00","breadcrumb":{"@id":"https:\/\/groupetransit.com\/customs-compliance-services\/#breadcrumb"},"inLanguage":"es","potentialAction":[{"@type":"ReadAction","target":["https:\/\/groupetransit.com\/customs-compliance-services\/"]}]},{"@type":"ImageObject","inLanguage":"es","@id":"https:\/\/groupetransit.com\/customs-compliance-services\/#primaryimage","url":"https:\/\/groupetransit.com\/wp-content\/uploads\/2024\/10\/compliance.jpg","contentUrl":"https:\/\/groupetransit.com\/wp-content\/uploads\/2024\/10\/compliance.jpg"},{"@type":"BreadcrumbList","@id":"https:\/\/groupetransit.com\/customs-compliance-services\/#breadcrumb","itemListElement":[{"@type":"ListItem","position":1,"name":"Home","item":"https:\/\/groupetransit.com\/"},{"@type":"ListItem","position":2,"name":"Customs Compliance Services"}]},{"@type":"WebSite","@id":"https:\/\/groupetransit.com\/#website","url":"https:\/\/groupetransit.com\/","name":"Grupo Transit","description":"Servicios de transporte","publisher":{"@id":"https:\/\/groupetransit.com\/#organization"},"potentialAction":[{"@type":"SearchAction","target":{"@type":"EntryPoint","urlTemplate":"https:\/\/groupetransit.com\/?s={search_term_string}"},"query-input":{"@type":"PropertyValueSpecification","valueRequired":true,"valueName":"search_term_string"}}],"inLanguage":"es"},{"@type":"Organization","@id":"https:\/\/groupetransit.com\/#organization","name":"Grupo Transit","url":"https:\/\/groupetransit.com\/","logo":{"@type":"ImageObject","inLanguage":"es","@id":"https:\/\/groupetransit.com\/#\/schema\/logo\/image\/","url":"https:\/\/groupetransit.com\/wp-content\/uploads\/2024\/07\/Logo-1.png","contentUrl":"https:\/\/groupetransit.com\/wp-content\/uploads\/2024\/07\/Logo-1.png","width":162,"height":57,"caption":"Groupe Transit"},"image":{"@id":"https:\/\/groupetransit.com\/#\/schema\/logo\/image\/"},"sameAs":["https:\/\/www.facebook.com\/groupetransit\/","https:\/\/ca.linkedin.com\/company\/groupe-transit","https:\/\/www.youtube.com\/channel\/UCIhizN865L6EI2clCScF7dA"]}]}},"_links":{"self":[{"href":"https:\/\/groupetransit.com\/es\/wp-json\/wp\/v2\/pages\/1581","targetHints":{"allow":["GET"]}}],"collection":[{"href":"https:\/\/groupetransit.com\/es\/wp-json\/wp\/v2\/pages"}],"about":[{"href":"https:\/\/groupetransit.com\/es\/wp-json\/wp\/v2\/types\/page"}],"author":[{"embeddable":true,"href":"https:\/\/groupetransit.com\/es\/wp-json\/wp\/v2\/users\/1"}],"replies":[{"embeddable":true,"href":"https:\/\/groupetransit.com\/es\/wp-json\/wp\/v2\/comments?post=1581"}],"version-history":[{"count":16,"href":"https:\/\/groupetransit.com\/es\/wp-json\/wp\/v2\/pages\/1581\/revisions"}],"predecessor-version":[{"id":2236,"href":"https:\/\/groupetransit.com\/es\/wp-json\/wp\/v2\/pages\/1581\/revisions\/2236"}],"wp:attachment":[{"href":"https:\/\/groupetransit.com\/es\/wp-json\/wp\/v2\/media?parent=1581"}],"curies":[{"name":"wp","href":"https:\/\/api.w.org\/{rel}","templated":true}]}}