{"id":1581,"date":"2024-09-30T18:46:08","date_gmt":"2024-09-30T18:46:08","guid":{"rendered":"https:\/\/groupetransit.com\/?page_id=1581"},"modified":"2024-10-07T14:49:37","modified_gmt":"2024-10-07T14:49:37","slug":"zoll-compliance-dienstleistungen","status":"publish","type":"page","link":"https:\/\/groupetransit.com\/de\/customs-compliance-services\/","title":{"rendered":"Zoll-Compliance-Dienstleistungen"},"content":{"rendered":"<div data-elementor-type=\"wp-page\" data-elementor-id=\"1581\" class=\"elementor elementor-1581\" data-elementor-post-type=\"page\">\n\t\t\t\t<div class=\"elementor-element elementor-element-e864a88 e-flex e-con-boxed e-con e-parent\" data-id=\"e864a88\" data-element_type=\"container\" data-e-type=\"container\">\n\t\t\t\t\t<div class=\"e-con-inner\">\n\t\t\t\t<div class=\"elementor-element elementor-element-2c9833f elementor-widget elementor-widget-theme-post-title elementor-page-title elementor-widget-heading\" data-id=\"2c9833f\" data-element_type=\"widget\" data-e-type=\"widget\" data-widget_type=\"theme-post-title.default\">\n\t\t\t\t<div class=\"elementor-widget-container\">\n\t\t\t\t\t<h1 class=\"elementor-heading-title elementor-size-default\">Zoll-Compliance-Dienstleistungen<\/h1>\t\t\t\t<\/div>\n\t\t\t\t<\/div>\n\t\t\t\t\t<\/div>\n\t\t\t\t<\/div>\n\t\t<div class=\"elementor-element elementor-element-5e7d2a44 e-flex e-con-boxed e-con e-parent\" data-id=\"5e7d2a44\" data-element_type=\"container\" data-e-type=\"container\">\n\t\t\t\t\t<div class=\"e-con-inner\">\n\t\t<div class=\"elementor-element elementor-element-56c275a6 e-con-full e-flex e-con e-child\" data-id=\"56c275a6\" data-element_type=\"container\" data-e-type=\"container\">\n\t\t<div class=\"elementor-element elementor-element-29880953 e-con-full e-flex e-con e-child\" data-id=\"29880953\" data-element_type=\"container\" data-e-type=\"container\">\n\t\t<div class=\"elementor-element elementor-element-48e519c7 e-con-full e-flex e-con e-child\" data-id=\"48e519c7\" data-element_type=\"container\" data-e-type=\"container\">\n\t\t\t\t<div class=\"elementor-element elementor-element-267e510f elementor-widget elementor-widget-text-editor\" data-id=\"267e510f\" data-element_type=\"widget\" data-e-type=\"widget\" data-widget_type=\"text-editor.default\">\n\t\t\t\t<div class=\"elementor-widget-container\">\n\t\t\t\t\t\t\t\t\t<p>Die Einhaltung der Zollvorschriften ist ein wesentlicher Bestandteil des internationalen Handels. Sie stellt sicher, dass Unternehmen beim Import oder Export von Waren alle gesetzlichen Anforderungen einhalten. Die Nichteinhaltung kann zu erheblichen Strafen, Verz\u00f6gerungen oder sogar rechtlichen Komplikationen f\u00fchren. Im Folgenden untersuchen wir die wichtigsten Probleme bei der Einhaltung der Zollvorschriften und bieten praktische Schritte, um diese effektiv zu bew\u00e4ltigen.<\/p>\t\t\t\t\t\t\t\t<\/div>\n\t\t\t\t<\/div>\n\t\t\t\t<div class=\"elementor-element elementor-element-384dcf57 elementor-widget elementor-widget-heading\" data-id=\"384dcf57\" data-element_type=\"widget\" data-e-type=\"widget\" data-widget_type=\"heading.default\">\n\t\t\t\t<div class=\"elementor-widget-container\">\n\t\t\t\t\t<h2 class=\"elementor-heading-title elementor-size-default\">Wichtige Punkte bei der Einhaltung von Zollvorschriften<\/h2>\t\t\t\t<\/div>\n\t\t\t\t<\/div>\n\t\t\t\t<div class=\"elementor-element elementor-element-539e08e3 elementor-widget elementor-widget-text-editor\" data-id=\"539e08e3\" data-element_type=\"widget\" data-e-type=\"widget\" data-widget_type=\"text-editor.default\">\n\t\t\t\t<div class=\"elementor-widget-container\">\n\t\t\t\t\t\t\t\t\t<p>Eine der gr\u00f6\u00dften Herausforderungen bei der Einhaltung von Zollvorschriften ist die <strong>genaue Klassifizierung der Waren<\/strong>. Waren m\u00fcssen unter dem richtigen Harmonisierten System (HS)-Code klassifiziert werden, der die anfallenden Z\u00f6lle und Steuern bestimmt. Eine falsche Klassifizierung kann zu einer \u00dcberzahlung oder Unterzahlung von Z\u00f6llen und Strafen f\u00fchren.<\/p><p>Der <strong>Wertermittlung von Waren<\/strong> ist ein weiterer wichtiger Aspekt. Die korrekte Angabe des Warenwerts ist unerl\u00e4sslich, um Zollprobleme zu vermeiden. Eine Unter- oder \u00dcberbewertung kann zu Geldstrafen und Verz\u00f6gerungen f\u00fchren. Es ist wichtig sicherzustellen, dass der angegebene Wert den Zollbestimmungen entspricht.<\/p><p>Dar\u00fcber hinaus <strong>Ursprung der Ware<\/strong> spielt eine wichtige Rolle bei Zollverfahren. Eine ordnungsgem\u00e4\u00dfe Zertifizierung und Ursprungsdokumentation ist erforderlich, um sich f\u00fcr Pr\u00e4ferenzhandelsabkommen zu qualifizieren, die m\u00f6glicherweise reduzierte Z\u00f6lle vorsehen. Ohne genaue Dokumentation laufen Unternehmen Gefahr, diese Vorteile zu verlieren.<\/p>\t\t\t\t\t\t\t\t<\/div>\n\t\t\t\t<\/div>\n\t\t\t\t<\/div>\n\t\t\t\t<\/div>\n\t\t\t\t<\/div>\n\t\t<div class=\"elementor-element elementor-element-792966b1 e-con-full e-flex e-con e-child\" data-id=\"792966b1\" data-element_type=\"container\" data-e-type=\"container\">\n\t\t\t\t<div class=\"elementor-element elementor-element-32b19dab elementor-widget elementor-widget-image\" data-id=\"32b19dab\" data-element_type=\"widget\" data-e-type=\"widget\" data-widget_type=\"image.default\">\n\t\t\t\t<div class=\"elementor-widget-container\">\n\t\t\t\t\t\t\t\t\t\t\t\t\t\t\t<img fetchpriority=\"high\" decoding=\"async\" width=\"707\" height=\"491\" src=\"https:\/\/groupetransit.com\/wp-content\/uploads\/2024\/10\/compliance.jpg\" class=\"attachment-large size-large wp-image-1897\" alt=\"\" srcset=\"https:\/\/groupetransit.com\/wp-content\/uploads\/2024\/10\/compliance.jpg 707w, https:\/\/groupetransit.com\/wp-content\/uploads\/2024\/10\/compliance-300x208.jpg 300w\" sizes=\"(max-width: 707px) 100vw, 707px\" \/>\t\t\t\t\t\t\t\t\t\t\t\t\t\t\t<\/div>\n\t\t\t\t<\/div>\n\t\t\t\t<\/div>\n\t\t\t\t\t<\/div>\n\t\t\t\t<\/div>\n\t\t<div class=\"elementor-element elementor-element-21014874 e-flex e-con-boxed e-con e-parent\" data-id=\"21014874\" data-element_type=\"container\" data-e-type=\"container\" data-settings=\"{&quot;background_background&quot;:&quot;classic&quot;}\">\n\t\t\t\t\t<div class=\"e-con-inner\">\n\t\t<div class=\"elementor-element elementor-element-2db30df0 e-con-full e-flex e-con e-child\" data-id=\"2db30df0\" data-element_type=\"container\" data-e-type=\"container\">\n\t\t<div class=\"elementor-element elementor-element-8a82d57 e-con-full e-flex e-con e-child\" data-id=\"8a82d57\" data-element_type=\"container\" data-e-type=\"container\">\n\t\t<div class=\"elementor-element elementor-element-7f24af4 e-con-full e-flex e-con e-child\" data-id=\"7f24af4\" data-element_type=\"container\" data-e-type=\"container\">\n\t\t\t\t<div class=\"elementor-element elementor-element-2dee1934 elementor-widget elementor-widget-text-editor\" data-id=\"2dee1934\" data-element_type=\"widget\" data-e-type=\"widget\" data-widget_type=\"text-editor.default\">\n\t\t\t\t<div class=\"elementor-widget-container\">\n\t\t\t\t\t\t\t\t\t<p>F\u00fcr Unternehmen, die mit regulierten oder beschr\u00e4nkten Waren handeln, ist die Einholung der notwendigen <strong>Lizenzen und Genehmigungen<\/strong> ist kritisch. Viele Waren unterliegen Quoten oder Beschr\u00e4nkungen, und das Fehlen der richtigen Dokumentation kann zu Lieferverz\u00f6gerungen oder -ablehnungen f\u00fchren.<\/p><p>Ein weiterer wichtiger Aspekt der Compliance ist die <strong>Berechnung und Zahlung von Z\u00f6llen und Steuern<\/strong>. Durch die genaue Berechnung und Zahlung aller anfallenden Z\u00f6lle, Steuern und Geb\u00fchren wird sichergestellt, dass die Waren ohne unn\u00f6tige Verz\u00f6gerungen den Zoll passieren.<\/p><p>Die Bedeutung von <strong>Genauigkeit der Dokumentation<\/strong> kann nicht genug betont werden. Die Zollbeh\u00f6rden verlangen vollst\u00e4ndige und genaue Unterlagen, einschlie\u00dflich Rechnungen, Packlisten, Ursprungszeugnisse und Zollerkl\u00e4rungen. Jegliche Unstimmigkeiten k\u00f6nnen zu Verz\u00f6gerungen oder Strafen f\u00fchren.<\/p><p>Endlich, <strong>Einhaltung lokaler Vorschriften<\/strong>\u2014 einschlie\u00dflich Gesundheits-, Sicherheits- und Umweltstandards \u2014 ist beim Import oder Export von Waren erforderlich. Verschiedene L\u00e4nder haben unterschiedliche Vorschriften, die befolgt werden m\u00fcssen, um Komplikationen beim Zoll zu vermeiden.<\/p><p>Wirksam <strong>Sicherheit und Risikomanagement<\/strong> Praktiken sind ebenfalls von wesentlicher Bedeutung. Die Implementierung von Sicherheitsprotokollen tr\u00e4gt dazu bei, illegale Sendungen, Betrug oder Schmuggel zu verhindern und die Integrit\u00e4t des Zollprozesses zu wahren.<\/p>\t\t\t\t\t\t\t\t<\/div>\n\t\t\t\t<\/div>\n\t\t\t\t<\/div>\n\t\t\t\t<\/div>\n\t\t\t\t<\/div>\n\t\t\t\t\t<\/div>\n\t\t\t\t<\/div>\n\t\t<div class=\"elementor-element elementor-element-4a1c9480 e-flex e-con-boxed e-con e-parent\" data-id=\"4a1c9480\" data-element_type=\"container\" data-e-type=\"container\" data-settings=\"{&quot;background_background&quot;:&quot;classic&quot;}\">\n\t\t\t\t\t<div class=\"e-con-inner\">\n\t\t<div class=\"elementor-element elementor-element-7162b466 e-con-full e-flex e-con e-child\" data-id=\"7162b466\" data-element_type=\"container\" data-e-type=\"container\">\n\t\t\t\t<div class=\"elementor-element elementor-element-d9739e4 elementor-widget elementor-widget-image\" data-id=\"d9739e4\" data-element_type=\"widget\" data-e-type=\"widget\" data-widget_type=\"image.default\">\n\t\t\t\t<div class=\"elementor-widget-container\">\n\t\t\t\t\t\t\t\t\t\t\t\t\t\t\t<img decoding=\"async\" width=\"707\" height=\"491\" src=\"https:\/\/groupetransit.com\/wp-content\/uploads\/2024\/10\/quality-check.jpg\" class=\"attachment-large size-large wp-image-2040\" alt=\"\" srcset=\"https:\/\/groupetransit.com\/wp-content\/uploads\/2024\/10\/quality-check.jpg 707w, https:\/\/groupetransit.com\/wp-content\/uploads\/2024\/10\/quality-check-300x208.jpg 300w\" sizes=\"(max-width: 707px) 100vw, 707px\" \/>\t\t\t\t\t\t\t\t\t\t\t\t\t\t\t<\/div>\n\t\t\t\t<\/div>\n\t\t\t\t<\/div>\n\t\t<div class=\"elementor-element elementor-element-32bc8399 e-con-full e-flex e-con e-child\" data-id=\"32bc8399\" data-element_type=\"container\" data-e-type=\"container\">\n\t\t<div class=\"elementor-element elementor-element-566c2981 e-con-full e-flex e-con e-child\" data-id=\"566c2981\" data-element_type=\"container\" data-e-type=\"container\">\n\t\t\t\t<div class=\"elementor-element elementor-element-5c4ef91e elementor-widget elementor-widget-heading\" data-id=\"5c4ef91e\" data-element_type=\"widget\" data-e-type=\"widget\" data-widget_type=\"heading.default\">\n\t\t\t\t<div class=\"elementor-widget-container\">\n\t\t\t\t\t<h2 class=\"elementor-heading-title elementor-size-default\">Schritte zur Gew\u00e4hrleistung der Zollkonformit\u00e4t<\/h2>\t\t\t\t<\/div>\n\t\t\t\t<\/div>\n\t\t\t\t<div class=\"elementor-element elementor-element-25e14c56 elementor-widget elementor-widget-text-editor\" data-id=\"25e14c56\" data-element_type=\"widget\" data-e-type=\"widget\" data-widget_type=\"text-editor.default\">\n\t\t\t\t<div class=\"elementor-widget-container\">\n\t\t\t\t\t\t\t\t\t<p>Um die Einhaltung der Zollvorschriften sicherzustellen, ist der erste Schritt <strong>die richtigen HS-Codes bestimmen<\/strong> f\u00fcr alle Produkte. Dieser Schritt gew\u00e4hrleistet eine genaue Klassifizierung und hilft, Strafen f\u00fcr falsche Klassifizierungen zu vermeiden.<\/p><p>Als n\u00e4chstes sollten Unternehmen <strong>den Wert ihrer Waren \u00fcberpr\u00fcfen<\/strong> um sicherzustellen, dass sie die Anforderungen zur Zollwertermittlung erf\u00fcllen. Eine genaue Wertermittlung hilft, Bu\u00dfgelder und Verz\u00f6gerungen bei der Zollabfertigung zu vermeiden.<\/p><p>Der dritte Schritt umfasst <strong>\u00dcberpr\u00fcfung der Ursprungsdokumentation<\/strong>. Durch eine ordnungsgem\u00e4\u00dfe Dokumentation wird sichergestellt, dass die Waren f\u00fcr etwaige Vorzugsz\u00f6lle im Rahmen von Handelsabkommen in Frage kommen, was die Kosten senken kann.<\/p><p>Sobald die Dokumentation in Ordnung ist, m\u00fcssen Unternehmen <strong>alle erforderlichen Lizenzen und Genehmigungen einholen<\/strong>. Dieser Schritt ist insbesondere bei beschr\u00e4nkten Waren wichtig, die f\u00fcr den Import oder Export einer besonderen Genehmigung bed\u00fcrfen.<\/p><p>Die genaue und rechtzeitige Einreichung der Zolldokumente ist unerl\u00e4sslich. Unternehmen m\u00fcssen <strong>genaue Zollanmeldungen vorbereiten und einreichen<\/strong> die alle erforderlichen Unterlagen enthalten. Fehler in den Unterlagen k\u00f6nnen zu Verz\u00f6gerungen bei der Bearbeitung oder zu Strafen f\u00fchren.<\/p>\t\t\t\t\t\t\t\t<\/div>\n\t\t\t\t<\/div>\n\t\t\t\t<\/div>\n\t\t\t\t<\/div>\n\t\t\t\t\t<\/div>\n\t\t\t\t<\/div>\n\t\t<div class=\"elementor-element elementor-element-3140651b e-flex e-con-boxed e-con e-parent\" data-id=\"3140651b\" data-element_type=\"container\" data-e-type=\"container\" data-settings=\"{&quot;background_background&quot;:&quot;classic&quot;}\">\n\t\t\t\t\t<div class=\"e-con-inner\">\n\t\t<div class=\"elementor-element elementor-element-28b5d951 e-con-full e-flex e-con e-child\" data-id=\"28b5d951\" data-element_type=\"container\" data-e-type=\"container\">\n\t\t<div class=\"elementor-element elementor-element-45ef1905 e-con-full e-flex e-con e-child\" data-id=\"45ef1905\" data-element_type=\"container\" data-e-type=\"container\">\n\t\t<div class=\"elementor-element elementor-element-61ce78a3 e-con-full e-flex e-con e-child\" data-id=\"61ce78a3\" data-element_type=\"container\" data-e-type=\"container\">\n\t\t\t\t<div class=\"elementor-element elementor-element-7a9b86ef elementor-widget elementor-widget-text-editor\" data-id=\"7a9b86ef\" data-element_type=\"widget\" data-e-type=\"widget\" data-widget_type=\"text-editor.default\">\n\t\t\t\t<div class=\"elementor-widget-container\">\n\t\t\t\t\t\t\t\t\t<p>Dar\u00fcber hinaus ist es wichtig, <strong>Sicherstellung der rechtzeitigen Zahlung von Z\u00f6llen, Steuern und Geb\u00fchren<\/strong> um Verz\u00f6gerungen bei der Zollabfertigung zu vermeiden. Nichtzahlung oder versp\u00e4tete Zahlung kann dazu f\u00fchren, dass Waren beim Zoll zur\u00fcckgehalten werden.<\/p><p>Um den Prozess weiter zu rationalisieren, m\u00fcssen Unternehmen <strong>\u00dcberwachen Sie die Einhaltung lokaler Vorschriften<\/strong>. Indem sichergestellt wird, dass die Waren alle relevanten Gesundheits-, Sicherheits- und Umweltstandards erf\u00fcllen, k\u00f6nnen unerwartete Probleme bei der Zollabfertigung vermieden werden.<\/p><p>Schlie\u00dflich sollten Unternehmen <strong>Implementierung robuster Sicherheitsma\u00dfnahmen<\/strong> zum Schutz vor illegalen Aktivit\u00e4ten wie Schmuggel oder Betrug. Ein effektives Risikomanagement tr\u00e4gt zu einer reibungslosen Zollabwicklung bei und sch\u00fctzt das Unternehmen vor rechtlichen Komplikationen.<\/p><p>Indem sie diese Probleme angehen und die beschriebenen Schritte befolgen, k\u00f6nnen Unternehmen ihre Zollprozesse optimieren, kostspielige Fehler vermeiden und einen reibungslosen internationalen Handelsbetrieb aufrechterhalten.<\/p>\t\t\t\t\t\t\t\t<\/div>\n\t\t\t\t<\/div>\n\t\t\t\t<\/div>\n\t\t\t\t<\/div>\n\t\t\t\t<\/div>\n\t\t\t\t\t<\/div>\n\t\t\t\t<\/div>\n\t\t\t\t<\/div>","protected":false},"excerpt":{"rendered":"<p>Customs compliance is a vital part of international trade. It ensures that businesses adhere to all regulatory requirements when importing or exporting goods. Failure to comply can lead to significant penalties, delays, or even legal complications. Below, we examine the primary issues in customs compliance and provide practical steps to manage them effectively. Key Issues [&hellip;]<\/p>\n","protected":false},"author":1,"featured_media":0,"parent":0,"menu_order":0,"comment_status":"closed","ping_status":"closed","template":"","meta":{"_acf_changed":false,"footnotes":""},"class_list":["post-1581","page","type-page","status-publish","hentry"],"acf":[],"yoast_head":"<!-- This site is optimized with the Yoast SEO plugin v27.3 - https:\/\/yoast.com\/product\/yoast-seo-wordpress\/ -->\n<title>Customs Compliance Services - Groupe Transit<\/title>\n<meta name=\"robots\" content=\"index, follow, max-snippet:-1, max-image-preview:large, max-video-preview:-1\" \/>\n<link rel=\"canonical\" href=\"https:\/\/groupetransit.com\/de\/zoll-compliance-dienstleistungen\/\" \/>\n<meta property=\"og:locale\" content=\"de_DE\" \/>\n<meta property=\"og:type\" content=\"article\" \/>\n<meta property=\"og:title\" content=\"Customs Compliance Services - Groupe Transit\" \/>\n<meta property=\"og:description\" content=\"Customs compliance is a vital part of international trade. It ensures that businesses adhere to all regulatory requirements when importing or exporting goods. Failure to comply can lead to significant penalties, delays, or even legal complications. Below, we examine the primary issues in customs compliance and provide practical steps to manage them effectively. Key Issues [&hellip;]\" \/>\n<meta property=\"og:url\" content=\"https:\/\/groupetransit.com\/de\/zoll-compliance-dienstleistungen\/\" \/>\n<meta property=\"og:site_name\" content=\"Groupe Transit\" \/>\n<meta property=\"article:publisher\" content=\"https:\/\/www.facebook.com\/groupetransit\/\" \/>\n<meta property=\"article:modified_time\" content=\"2024-10-07T14:49:37+00:00\" \/>\n<meta property=\"og:image\" content=\"https:\/\/groupetransit.com\/wp-content\/uploads\/2024\/10\/compliance.jpg\" \/>\n<meta name=\"twitter:card\" content=\"summary_large_image\" \/>\n<meta name=\"twitter:label1\" content=\"Gesch\u00e4tzte Lesezeit\" \/>\n\t<meta name=\"twitter:data1\" content=\"3\u00a0Minuten\" \/>\n<script type=\"application\/ld+json\" class=\"yoast-schema-graph\">{\"@context\":\"https:\\\/\\\/schema.org\",\"@graph\":[{\"@type\":\"WebPage\",\"@id\":\"https:\\\/\\\/groupetransit.com\\\/customs-compliance-services\\\/\",\"url\":\"https:\\\/\\\/groupetransit.com\\\/customs-compliance-services\\\/\",\"name\":\"Customs Compliance Services - Groupe Transit\",\"isPartOf\":{\"@id\":\"https:\\\/\\\/groupetransit.com\\\/#website\"},\"primaryImageOfPage\":{\"@id\":\"https:\\\/\\\/groupetransit.com\\\/customs-compliance-services\\\/#primaryimage\"},\"image\":{\"@id\":\"https:\\\/\\\/groupetransit.com\\\/customs-compliance-services\\\/#primaryimage\"},\"thumbnailUrl\":\"https:\\\/\\\/groupetransit.com\\\/wp-content\\\/uploads\\\/2024\\\/10\\\/compliance.jpg\",\"datePublished\":\"2024-09-30T18:46:08+00:00\",\"dateModified\":\"2024-10-07T14:49:37+00:00\",\"breadcrumb\":{\"@id\":\"https:\\\/\\\/groupetransit.com\\\/customs-compliance-services\\\/#breadcrumb\"},\"inLanguage\":\"de\",\"potentialAction\":[{\"@type\":\"ReadAction\",\"target\":[\"https:\\\/\\\/groupetransit.com\\\/customs-compliance-services\\\/\"]}]},{\"@type\":\"ImageObject\",\"inLanguage\":\"de\",\"@id\":\"https:\\\/\\\/groupetransit.com\\\/customs-compliance-services\\\/#primaryimage\",\"url\":\"https:\\\/\\\/groupetransit.com\\\/wp-content\\\/uploads\\\/2024\\\/10\\\/compliance.jpg\",\"contentUrl\":\"https:\\\/\\\/groupetransit.com\\\/wp-content\\\/uploads\\\/2024\\\/10\\\/compliance.jpg\"},{\"@type\":\"BreadcrumbList\",\"@id\":\"https:\\\/\\\/groupetransit.com\\\/customs-compliance-services\\\/#breadcrumb\",\"itemListElement\":[{\"@type\":\"ListItem\",\"position\":1,\"name\":\"Home\",\"item\":\"https:\\\/\\\/groupetransit.com\\\/\"},{\"@type\":\"ListItem\",\"position\":2,\"name\":\"Customs Compliance Services\"}]},{\"@type\":\"WebSite\",\"@id\":\"https:\\\/\\\/groupetransit.com\\\/#website\",\"url\":\"https:\\\/\\\/groupetransit.com\\\/\",\"name\":\"Groupe Transit\",\"description\":\"Transport Services\",\"publisher\":{\"@id\":\"https:\\\/\\\/groupetransit.com\\\/#organization\"},\"potentialAction\":[{\"@type\":\"SearchAction\",\"target\":{\"@type\":\"EntryPoint\",\"urlTemplate\":\"https:\\\/\\\/groupetransit.com\\\/?s={search_term_string}\"},\"query-input\":{\"@type\":\"PropertyValueSpecification\",\"valueRequired\":true,\"valueName\":\"search_term_string\"}}],\"inLanguage\":\"de\"},{\"@type\":\"Organization\",\"@id\":\"https:\\\/\\\/groupetransit.com\\\/#organization\",\"name\":\"Groupe Transit\",\"url\":\"https:\\\/\\\/groupetransit.com\\\/\",\"logo\":{\"@type\":\"ImageObject\",\"inLanguage\":\"de\",\"@id\":\"https:\\\/\\\/groupetransit.com\\\/#\\\/schema\\\/logo\\\/image\\\/\",\"url\":\"https:\\\/\\\/groupetransit.com\\\/wp-content\\\/uploads\\\/2024\\\/07\\\/Logo-1.png\",\"contentUrl\":\"https:\\\/\\\/groupetransit.com\\\/wp-content\\\/uploads\\\/2024\\\/07\\\/Logo-1.png\",\"width\":162,\"height\":57,\"caption\":\"Groupe Transit\"},\"image\":{\"@id\":\"https:\\\/\\\/groupetransit.com\\\/#\\\/schema\\\/logo\\\/image\\\/\"},\"sameAs\":[\"https:\\\/\\\/www.facebook.com\\\/groupetransit\\\/\",\"https:\\\/\\\/ca.linkedin.com\\\/company\\\/groupe-transit\",\"https:\\\/\\\/www.youtube.com\\\/channel\\\/UCIhizN865L6EI2clCScF7dA\"]}]}<\/script>\n<!-- \/ Yoast SEO plugin. -->","yoast_head_json":{"title":"Zoll-Compliance-Dienste - Groupe Transit","robots":{"index":"index","follow":"follow","max-snippet":"max-snippet:-1","max-image-preview":"max-image-preview:large","max-video-preview":"max-video-preview:-1"},"canonical":"https:\/\/groupetransit.com\/de\/zoll-compliance-dienstleistungen\/","og_locale":"de_DE","og_type":"article","og_title":"Customs Compliance Services - Groupe Transit","og_description":"Customs compliance is a vital part of international trade. It ensures that businesses adhere to all regulatory requirements when importing or exporting goods. Failure to comply can lead to significant penalties, delays, or even legal complications. Below, we examine the primary issues in customs compliance and provide practical steps to manage them effectively. Key Issues [&hellip;]","og_url":"https:\/\/groupetransit.com\/de\/zoll-compliance-dienstleistungen\/","og_site_name":"Groupe Transit","article_publisher":"https:\/\/www.facebook.com\/groupetransit\/","article_modified_time":"2024-10-07T14:49:37+00:00","og_image":[{"url":"https:\/\/groupetransit.com\/wp-content\/uploads\/2024\/10\/compliance.jpg","type":"","width":"","height":""}],"twitter_card":"summary_large_image","twitter_misc":{"Gesch\u00e4tzte Lesezeit":"3\u00a0Minuten"},"schema":{"@context":"https:\/\/schema.org","@graph":[{"@type":"WebPage","@id":"https:\/\/groupetransit.com\/customs-compliance-services\/","url":"https:\/\/groupetransit.com\/customs-compliance-services\/","name":"Zoll-Compliance-Dienste - Groupe Transit","isPartOf":{"@id":"https:\/\/groupetransit.com\/#website"},"primaryImageOfPage":{"@id":"https:\/\/groupetransit.com\/customs-compliance-services\/#primaryimage"},"image":{"@id":"https:\/\/groupetransit.com\/customs-compliance-services\/#primaryimage"},"thumbnailUrl":"https:\/\/groupetransit.com\/wp-content\/uploads\/2024\/10\/compliance.jpg","datePublished":"2024-09-30T18:46:08+00:00","dateModified":"2024-10-07T14:49:37+00:00","breadcrumb":{"@id":"https:\/\/groupetransit.com\/customs-compliance-services\/#breadcrumb"},"inLanguage":"de","potentialAction":[{"@type":"ReadAction","target":["https:\/\/groupetransit.com\/customs-compliance-services\/"]}]},{"@type":"ImageObject","inLanguage":"de","@id":"https:\/\/groupetransit.com\/customs-compliance-services\/#primaryimage","url":"https:\/\/groupetransit.com\/wp-content\/uploads\/2024\/10\/compliance.jpg","contentUrl":"https:\/\/groupetransit.com\/wp-content\/uploads\/2024\/10\/compliance.jpg"},{"@type":"BreadcrumbList","@id":"https:\/\/groupetransit.com\/customs-compliance-services\/#breadcrumb","itemListElement":[{"@type":"ListItem","position":1,"name":"Home","item":"https:\/\/groupetransit.com\/"},{"@type":"ListItem","position":2,"name":"Customs Compliance Services"}]},{"@type":"WebSite","@id":"https:\/\/groupetransit.com\/#website","url":"https:\/\/groupetransit.com\/","name":"Groupe Transit","description":"Transportdienstleistungen","publisher":{"@id":"https:\/\/groupetransit.com\/#organization"},"potentialAction":[{"@type":"SearchAction","target":{"@type":"EntryPoint","urlTemplate":"https:\/\/groupetransit.com\/?s={search_term_string}"},"query-input":{"@type":"PropertyValueSpecification","valueRequired":true,"valueName":"search_term_string"}}],"inLanguage":"de"},{"@type":"Organization","@id":"https:\/\/groupetransit.com\/#organization","name":"Groupe Transit","url":"https:\/\/groupetransit.com\/","logo":{"@type":"ImageObject","inLanguage":"de","@id":"https:\/\/groupetransit.com\/#\/schema\/logo\/image\/","url":"https:\/\/groupetransit.com\/wp-content\/uploads\/2024\/07\/Logo-1.png","contentUrl":"https:\/\/groupetransit.com\/wp-content\/uploads\/2024\/07\/Logo-1.png","width":162,"height":57,"caption":"Groupe Transit"},"image":{"@id":"https:\/\/groupetransit.com\/#\/schema\/logo\/image\/"},"sameAs":["https:\/\/www.facebook.com\/groupetransit\/","https:\/\/ca.linkedin.com\/company\/groupe-transit","https:\/\/www.youtube.com\/channel\/UCIhizN865L6EI2clCScF7dA"]}]}},"_links":{"self":[{"href":"https:\/\/groupetransit.com\/de\/wp-json\/wp\/v2\/pages\/1581","targetHints":{"allow":["GET"]}}],"collection":[{"href":"https:\/\/groupetransit.com\/de\/wp-json\/wp\/v2\/pages"}],"about":[{"href":"https:\/\/groupetransit.com\/de\/wp-json\/wp\/v2\/types\/page"}],"author":[{"embeddable":true,"href":"https:\/\/groupetransit.com\/de\/wp-json\/wp\/v2\/users\/1"}],"replies":[{"embeddable":true,"href":"https:\/\/groupetransit.com\/de\/wp-json\/wp\/v2\/comments?post=1581"}],"version-history":[{"count":16,"href":"https:\/\/groupetransit.com\/de\/wp-json\/wp\/v2\/pages\/1581\/revisions"}],"predecessor-version":[{"id":2236,"href":"https:\/\/groupetransit.com\/de\/wp-json\/wp\/v2\/pages\/1581\/revisions\/2236"}],"wp:attachment":[{"href":"https:\/\/groupetransit.com\/de\/wp-json\/wp\/v2\/media?parent=1581"}],"curies":[{"name":"wp","href":"https:\/\/api.w.org\/{rel}","templated":true}]}}